{"id":99,"date":"2025-07-24T00:28:35","date_gmt":"2025-07-23T22:28:35","guid":{"rendered":"https:\/\/oppbygging.org\/start\/?page_id=99"},"modified":"2026-01-01T17:34:24","modified_gmt":"2026-01-01T16:34:24","slug":"om","status":"publish","type":"page","link":"https:\/\/oppbygging.org\/start\/om\/","title":{"rendered":"Om"},"content":{"rendered":"\n<p style=\"line-height:1.7\"><strong><em>oppbygging.org<\/em><\/strong> er ikke en avdeling innenfor Fremskrittspartiet, Jehovas Vitner, Binders eller Den Norske Hjemmedataklubben, men er derimot 1) en <a href=\"https:\/\/oppbygging.org\/start\/om\/tanken-bak\/\" data-type=\"page\" data-id=\"282\">id\u00e9 som oppstod i hodet til Ulf Ayirtahsk Berg<\/a>, 2) et nettsted han kj\u00f8pte for 137 kr, og 3) en sammenheng for \u00e5 m\u00f8te folk som har noe i livet de syns er bra.<\/p>\n\n\n\n<div style=\"height:8px\" aria-hidden=\"true\" class=\"wp-block-spacer\"><\/div>\n\n\n\n<figure class=\"wp-block-image size-large is-resized\"><img loading=\"lazy\" decoding=\"async\" width=\"682\" height=\"1024\" src=\"https:\/\/oppbygging.org\/start\/wp-content\/uploads\/2025\/12\/boy-286167_1280-682x1024.jpg\" alt=\"\" class=\"wp-image-289\" style=\"aspect-ratio:0.6660212971926428;width:316px;height:auto\" srcset=\"https:\/\/oppbygging.org\/start\/wp-content\/uploads\/2025\/12\/boy-286167_1280-682x1024.jpg 682w, https:\/\/oppbygging.org\/start\/wp-content\/uploads\/2025\/12\/boy-286167_1280-200x300.jpg 200w, https:\/\/oppbygging.org\/start\/wp-content\/uploads\/2025\/12\/boy-286167_1280-768x1152.jpg 768w, https:\/\/oppbygging.org\/start\/wp-content\/uploads\/2025\/12\/boy-286167_1280.jpg 853w\" sizes=\"auto, (max-width: 682px) 100vw, 682px\" \/><\/figure>\n\n\n\n<div style=\"height:8px\" aria-hidden=\"true\" class=\"wp-block-spacer\"><\/div>\n\n\n\n<p style=\"line-height:1.7\">I utgangspunktet var Oppbygging et online initiativ for \u00e5 ha mer sosialt fokus p\u00e5 gode ting, og s\u00e5 er fysiske sammenkomster lagt til etterhvert, nemllg p\u00e5 \u00d8stlandet. Da orienterer vi det rundt innlegg eller kortere foredrag fra mennesker som driver med noe praktisk eller intellektuelt skapende \u2013 i yrke eller som hobby.<\/p>\n\n\n\n<div style=\"height:27px\" aria-hidden=\"true\" class=\"wp-block-spacer\"><\/div>\n\n\n\n<h2 class=\"wp-block-heading\">Dele<\/h2>\n","protected":false},"excerpt":{"rendered":"<p>oppbygging.org er ikke en avdeling innenfor Fremskrittspartiet, Jehovas Vitner, Binders eller Den Norske Hjemmedataklubben, men er derimot 1) en id\u00e9 som oppstod i hodet til Ulf Ayirtahsk Berg, 2) et nettsted han kj\u00f8pte for 137 kr, og 3) en sammenheng for \u00e5 m\u00f8te folk som har noe i livet de syns er bra. I utgangspunktet [&hellip;]<\/p>\n","protected":false},"author":1,"featured_media":0,"parent":0,"menu_order":0,"comment_status":"closed","ping_status":"closed","template":"","meta":{"footnotes":""},"class_list":["post-99","page","type-page","status-publish","hentry"],"_links":{"self":[{"href":"https:\/\/oppbygging.org\/start\/wp-json\/wp\/v2\/pages\/99","targetHints":{"allow":["GET"]}}],"collection":[{"href":"https:\/\/oppbygging.org\/start\/wp-json\/wp\/v2\/pages"}],"about":[{"href":"https:\/\/oppbygging.org\/start\/wp-json\/wp\/v2\/types\/page"}],"author":[{"embeddable":true,"href":"https:\/\/oppbygging.org\/start\/wp-json\/wp\/v2\/users\/1"}],"replies":[{"embeddable":true,"href":"https:\/\/oppbygging.org\/start\/wp-json\/wp\/v2\/comments?post=99"}],"version-history":[{"count":27,"href":"https:\/\/oppbygging.org\/start\/wp-json\/wp\/v2\/pages\/99\/revisions"}],"predecessor-version":[{"id":325,"href":"https:\/\/oppbygging.org\/start\/wp-json\/wp\/v2\/pages\/99\/revisions\/325"}],"wp:attachment":[{"href":"https:\/\/oppbygging.org\/start\/wp-json\/wp\/v2\/media?parent=99"}],"curies":[{"name":"wp","href":"https:\/\/api.w.org\/{rel}","templated":true}]}}