{"id":6,"date":"2025-07-04T21:54:58","date_gmt":"2025-07-04T19:54:58","guid":{"rendered":"https:\/\/oppbygging.org\/leir\/?page_id=6"},"modified":"2025-07-21T21:14:58","modified_gmt":"2025-07-21T19:14:58","slug":"konsept","status":"publish","type":"page","link":"https:\/\/oppbygging.org\/leir\/konsept\/","title":{"rendered":"Konsept"},"content":{"rendered":"\n<figure class=\"wp-block-image size-large is-resized\"><img loading=\"lazy\" decoding=\"async\" width=\"768\" height=\"1024\" src=\"https:\/\/oppbygging.org\/leir\/wp-content\/uploads\/2025\/07\/fire-6790721_1280-768x1024.jpg\" alt=\"\" class=\"wp-image-339\" style=\"width:547px;height:auto\" srcset=\"https:\/\/oppbygging.org\/leir\/wp-content\/uploads\/2025\/07\/fire-6790721_1280-768x1024.jpg 768w, https:\/\/oppbygging.org\/leir\/wp-content\/uploads\/2025\/07\/fire-6790721_1280-225x300.jpg 225w, https:\/\/oppbygging.org\/leir\/wp-content\/uploads\/2025\/07\/fire-6790721_1280.jpg 960w\" sizes=\"auto, (max-width: 768px) 100vw, 768px\" \/><\/figure>\n\n\n\n<h1 class=\"wp-block-heading\">Id\u00e9en bak<\/h1>\n\n\n\n<p>Sosialt samv\u00e6r p\u00e5 landet med fokus p\u00e5 bra ting, er en tolkning av det amerikanske konseptet <a href=\"https:\/\/www.dailymotion.com\/video\/x8i1qz9\">Beartaria<\/a>, og er enkel men genial id\u00e9. Ihvertfall i teorien. Her kommer n\u00e5 et fors\u00f8k p\u00e5 \u00e5 beskrive konseptet, med f\u00e6rrest mulig ord og p\u00e5 en m\u00e5te som er lett \u00e5 skj\u00f8nne.<\/p>\n\n\n\n<p>N\u00e5, samfunnsdebatten er blitt litegrann livligere og lettere \u00e5 delta i, hvis vi sammenligner med \u00e5ttitallet og kanskje ti\u00e5ret f\u00f8r det. Engasjementet viser seg noen steder p\u00e5 en i overkant livlig m\u00e5te, n\u00e5r det blir steinkasting, ildsp\u00e5settelse eller oppsigelse eller fengsling. Mange kjenner til deler av denne utviklingen.<\/p>\n\n\n\n<p>Engasjement og egne tanker om samfunnet, det er selvsagt verdifullt. Men hva om vi f\u00f8yde til en spesiell del, innenfor det noen kaller frihetsbevegelsen?<\/p>\n\n\n\n<h2 class=\"wp-block-heading\">Til normalt<\/h2>\n\n\n\n<p>\u00c5 komme tilbake til mer normale samfunnsforhold, s\u00e5nn mange vil vurdere hva det er som er normalt, kan v\u00e6re s\u00e5 enkelt som \u00e5 legge vekk noen av <\/p>\n\n\n\n<figure class=\"wp-block-image size-large is-resized\" style=\"margin-top:var(--wp--preset--spacing--40);margin-bottom:var(--wp--preset--spacing--40)\"><img loading=\"lazy\" decoding=\"async\" width=\"1024\" height=\"682\" src=\"https:\/\/oppbygging.org\/leir\/wp-content\/uploads\/2025\/07\/gzhel-3655388_1280-1024x682.jpg\" alt=\"\" class=\"wp-image-126\" style=\"width:503px;height:auto\" srcset=\"https:\/\/oppbygging.org\/leir\/wp-content\/uploads\/2025\/07\/gzhel-3655388_1280-1024x682.jpg 1024w, https:\/\/oppbygging.org\/leir\/wp-content\/uploads\/2025\/07\/gzhel-3655388_1280-300x200.jpg 300w, https:\/\/oppbygging.org\/leir\/wp-content\/uploads\/2025\/07\/gzhel-3655388_1280-768x512.jpg 768w, https:\/\/oppbygging.org\/leir\/wp-content\/uploads\/2025\/07\/gzhel-3655388_1280.jpg 1280w\" sizes=\"auto, (max-width: 1024px) 100vw, 1024px\" \/><\/figure>\n\n\n\n<figure class=\"wp-block-image size-large is-resized\" style=\"margin-top:var(--wp--preset--spacing--40);margin-bottom:var(--wp--preset--spacing--40)\"><img loading=\"lazy\" decoding=\"async\" width=\"1024\" height=\"682\" src=\"https:\/\/oppbygging.org\/leir\/wp-content\/uploads\/2025\/07\/greenhouse-6226263_1280-1024x682.jpg\" alt=\"\" class=\"wp-image-189\" style=\"width:503px;height:auto\" srcset=\"https:\/\/oppbygging.org\/leir\/wp-content\/uploads\/2025\/07\/greenhouse-6226263_1280-1024x682.jpg 1024w, https:\/\/oppbygging.org\/leir\/wp-content\/uploads\/2025\/07\/greenhouse-6226263_1280-300x200.jpg 300w, https:\/\/oppbygging.org\/leir\/wp-content\/uploads\/2025\/07\/greenhouse-6226263_1280-768x512.jpg 768w, https:\/\/oppbygging.org\/leir\/wp-content\/uploads\/2025\/07\/greenhouse-6226263_1280.jpg 1280w\" sizes=\"auto, (max-width: 1024px) 100vw, 1024px\" \/><\/figure>\n\n\n\n<p>de mer involverte &#8216;glupe id\u00e9er&#8217;. En reklame fra 1990-\u00e5rene sa det s\u00e5nn, &#8216;Jeg syns det er innmari teit med krig og fred og politikk og religion og s\u00e5nn&#8230;&#8217;<\/p>\n\n\n\n<p>Ved \u00e5 definere en egen, spesielt tillaget situasjon som fri-sone fra ideologi, vil det innenfor der bli veldig enkelt. Man slipper noe av det som kalles globalisme, p\u00e5st\u00e5tt fantastiske id\u00e9er som skal redde verden (figurativt eller bokstavlig&#8230;) For \u00e5 holde p\u00e5 prinsippet, m\u00e5 man imidlertid selv ogs\u00e5 praktisere \u00e5 trykke p\u00e5 pause-knappen for de store halleluja-id\u00e9ene, avsl\u00f8ringene og underskriftskampanjene.<\/p>\n\n\n\n<p>Hva syns <em>du<\/em> at er bra i seg selv?<\/p>\n\n\n\n<p>Dette er Oppbygging Leir!<\/p>\n\n\n\n<p><a href=\"mailto:ulf@oppbygging.org\">Ulf<\/a><\/p>\n\n\n\n<p>Sandvika, 21.07.2025<\/p>\n\n\n\n<div style=\"height:18px\" aria-hidden=\"true\" class=\"wp-block-spacer\"><\/div>\n\n\n\n<h2 class=\"wp-block-heading\">Lese videre<\/h2>\n\n\n\n<ul class=\"wp-block-list\">\n<li><a href=\"https:\/\/oppbygging.org\/leir\/invitasjonen\/\" data-type=\"page\" data-id=\"49\">Invitasjon<\/a><\/li>\n\n\n\n<li><a href=\"https:\/\/oppbygging.org\/leir\/program\/\" data-type=\"page\" data-id=\"168\">Program<\/a><\/li>\n\n\n\n<li><a href=\"https:\/\/oppbygging.org\/leir\/arrangoren\/\" data-type=\"page\" data-id=\"216\">Arrang\u00f8r<\/a><\/li>\n<\/ul>\n\n\n\n<div style=\"height:18px\" aria-hidden=\"true\" class=\"wp-block-spacer\"><\/div>\n\n\n\n<p><a href=\"https:\/\/oppbygging.org\/leir\/\" data-type=\"page\" data-id=\"49\">Forsiden<\/a><\/p>\n\n\n\n<div style=\"height:18px\" aria-hidden=\"true\" class=\"wp-block-spacer\"><\/div>\n\n\n\n<h2 class=\"wp-block-heading\">Dele<\/h2>\n\n\n\n<p><\/p>\n","protected":false},"excerpt":{"rendered":"<p>Id\u00e9en bak Sosialt samv\u00e6r p\u00e5 landet med fokus p\u00e5 bra ting, er en tolkning av det amerikanske konseptet Beartaria, og er enkel men genial id\u00e9. Ihvertfall i teorien. Her kommer n\u00e5 et fors\u00f8k p\u00e5 \u00e5 beskrive konseptet, med f\u00e6rrest mulig ord og p\u00e5 en m\u00e5te som er lett \u00e5 skj\u00f8nne. N\u00e5, samfunnsdebatten er blitt litegrann [&hellip;]<\/p>\n","protected":false},"author":1,"featured_media":0,"parent":0,"menu_order":0,"comment_status":"closed","ping_status":"closed","template":"","meta":{"footnotes":""},"class_list":["post-6","page","type-page","status-publish","hentry"],"_links":{"self":[{"href":"https:\/\/oppbygging.org\/leir\/wp-json\/wp\/v2\/pages\/6","targetHints":{"allow":["GET"]}}],"collection":[{"href":"https:\/\/oppbygging.org\/leir\/wp-json\/wp\/v2\/pages"}],"about":[{"href":"https:\/\/oppbygging.org\/leir\/wp-json\/wp\/v2\/types\/page"}],"author":[{"embeddable":true,"href":"https:\/\/oppbygging.org\/leir\/wp-json\/wp\/v2\/users\/1"}],"replies":[{"embeddable":true,"href":"https:\/\/oppbygging.org\/leir\/wp-json\/wp\/v2\/comments?post=6"}],"version-history":[{"count":40,"href":"https:\/\/oppbygging.org\/leir\/wp-json\/wp\/v2\/pages\/6\/revisions"}],"predecessor-version":[{"id":342,"href":"https:\/\/oppbygging.org\/leir\/wp-json\/wp\/v2\/pages\/6\/revisions\/342"}],"wp:attachment":[{"href":"https:\/\/oppbygging.org\/leir\/wp-json\/wp\/v2\/media?parent=6"}],"curies":[{"name":"wp","href":"https:\/\/api.w.org\/{rel}","templated":true}]}}