{"id":49,"date":"2025-07-11T06:07:21","date_gmt":"2025-07-11T04:07:21","guid":{"rendered":"https:\/\/oppbygging.org\/leir\/?page_id=49"},"modified":"2025-08-21T03:18:49","modified_gmt":"2025-08-21T01:18:49","slug":"invitasjonen","status":"publish","type":"page","link":"https:\/\/oppbygging.org\/leir\/","title":{"rendered":"Invitasjonen"},"content":{"rendered":"\n<div class=\"wp-block-group is-layout-flow wp-container-core-group-is-layout-3188c145 wp-block-group-is-layout-flow\" style=\"margin-top:0;margin-bottom:0;padding-top:0;padding-right:0;padding-bottom:0;padding-left:0\">\n<div class=\"wp-block-cover alignfull has-parallax\"><div class=\"wp-block-cover__image-background wp-image-367 size-large has-parallax\" style=\"background-position:50% 50%;background-image:url(https:\/\/oppbygging.org\/leir\/wp-content\/uploads\/2025\/07\/peacock-butterfly-3482707_1280-1024x682.jpg)\"><\/div><span aria-hidden=\"true\" class=\"wp-block-cover__background has-background-dim-30 has-background-dim\"><\/span><div class=\"wp-block-cover__inner-container has-global-padding is-layout-constrained wp-block-cover-is-layout-constrained\">\n<p class=\"has-text-align-center has-base-color has-text-color has-link-color wp-elements-f976da60b264023f26519183f15d1385\" style=\"font-size:clamp(2.2rem, 2.2rem + ((1vw - 0.2rem) * 2.824), 4rem);font-style:normal;font-weight:900;letter-spacing:1px\">Sommerleir<\/p>\n<\/div><\/div>\n\n\n\n<p><strong>Tid:<\/strong> 22.&#8211;24. august 2025<br><strong>Sted:<\/strong> \u00d8vre Jahren G\u00e5rd (Jahrenbakkene 7, 3484 Holmsbu)<br><strong>Adkomst:<\/strong> Busser fra Oslo og Drammen, ogs\u00e5 parkeringsmulighet. <a href=\"https:\/\/oppbygging.org\/leir\/adkomst\/\" data-type=\"page\" data-id=\"428\">Lese mer<\/a><br><strong>Pris:<\/strong> kr 550,- for overnatting, 150 kroner for deltakelse kun l\u00f8rdag<br><strong>Arrang\u00f8r:<\/strong> <a href=\"https:\/\/oppbygging.org\/leir\/arrangoren\/\" data-type=\"page\" data-id=\"216\">oppbygging.org<\/a><\/p>\n\n\n\n<hr class=\"wp-block-separator alignfull has-alpha-channel-opacity\" style=\"margin-top:var(--wp--preset--spacing--40);margin-bottom:var(--wp--preset--spacing--40)\"\/>\n\n\n\n<figure class=\"wp-block-image alignright size-full is-resized\" style=\"margin-top:var(--wp--preset--spacing--20);margin-right:var(--wp--preset--spacing--30);margin-bottom:var(--wp--preset--spacing--20);margin-left:var(--wp--preset--spacing--30)\"><img loading=\"lazy\" decoding=\"async\" width=\"1024\" height=\"1536\" src=\"https:\/\/oppbygging.org\/leir\/wp-content\/uploads\/2025\/07\/ChatGPT-Image-Jul-2-2025-08_49_48-AM.png\" alt=\"\" class=\"wp-image-50\" style=\"width:199px;height:auto\" srcset=\"https:\/\/oppbygging.org\/leir\/wp-content\/uploads\/2025\/07\/ChatGPT-Image-Jul-2-2025-08_49_48-AM.png 1024w, https:\/\/oppbygging.org\/leir\/wp-content\/uploads\/2025\/07\/ChatGPT-Image-Jul-2-2025-08_49_48-AM-200x300.png 200w, https:\/\/oppbygging.org\/leir\/wp-content\/uploads\/2025\/07\/ChatGPT-Image-Jul-2-2025-08_49_48-AM-683x1024.png 683w, https:\/\/oppbygging.org\/leir\/wp-content\/uploads\/2025\/07\/ChatGPT-Image-Jul-2-2025-08_49_48-AM-768x1152.png 768w\" sizes=\"auto, (max-width: 1024px) 100vw, 1024px\" \/><\/figure>\n\n\n\n<p style=\"line-height:1.7\">Velkommen til en helg i landlige omgivelser med hyggelig samv\u00e6r, og ogs\u00e5 noen innslag fra mennesker som har erfaring med kreativ virksomhet som hobby eller profesjonelt. For eksempel dyrking av frukt.<\/p>\n\n\n\n<p style=\"line-height:1.7\">Dette er for deg som \u00f8nsker at vi har ihvertfall \u00e9n sone som er forbeholdt det \u00e5 fokusere p\u00e5 bra ting som du liker for <em>hva de er i seg selv<\/em>. (Alts\u00e5: man lager jo vafler fordi <strong>man syns det er godt til kaffen<\/strong>, <em>ikke<\/em> som en protest fordi man &#8216;hater pannekaker&#8217;&#8230;)<\/p>\n\n\n\n<div class=\"wp-block-columns is-layout-flex wp-container-core-columns-is-layout-28f84493 wp-block-columns-is-layout-flex\">\n<div class=\"wp-block-column is-layout-flow wp-block-column-is-layout-flow\" style=\"flex-basis:100%\">\n<p class=\"has-accent-1-background-color has-background\" style=\"margin-top:var(--wp--preset--spacing--20);margin-right:0;margin-bottom:var(--wp--preset--spacing--20);margin-left:0;padding-top:var(--wp--preset--spacing--20);padding-right:0;padding-bottom:var(--wp--preset--spacing--20);padding-left:0\">Tenk gjerne over p\u00e5 forh\u00e5nd noe du kan prate med sidemannen om, som er <em>bra<\/em>. Og da er det er absolutt ogs\u00e5 greit \u00e5 ta med og vise noe du har laget, holder p\u00e5 med eller l\u00e6rer om.<\/p>\n<\/div>\n<\/div>\n<\/div>\n\n\n\n<div style=\"height:6px\" aria-hidden=\"true\" class=\"wp-block-spacer\"><\/div>\n\n\n\n\n\n\n\n<div class=\"wp-block-group is-layout-flow wp-container-core-group-is-layout-2c80a324 wp-block-group-is-layout-flow\" style=\"margin-top:0;margin-bottom:0;padding-top:0;padding-right:0;padding-bottom:0;padding-left:0\">\n<div style=\"height:38px\" aria-hidden=\"true\" class=\"wp-block-spacer\"><\/div>\n\n\n\n<p style=\"line-height:1.7\">Hvis en positiv samling kunne v\u00e6rt noe for deg &#8212; velkommen!<\/p>\n<\/div>\n\n\n\n<ul class=\"wp-block-list\">\n<li>Les mer om <a href=\"https:\/\/oppbygging.org\/leir\/konsept\/\" data-type=\"page\" data-id=\"6\">id\u00e9en bak<\/a><\/li>\n<\/ul>\n\n\n\n<div style=\"height:9px\" aria-hidden=\"true\" class=\"wp-block-spacer\"><\/div>\n\n\n\n<h2 class=\"wp-block-heading\">RSVP<\/h2>\n\n\n\n<p>For \u00e5 indikere om man har tenkt \u00e5 delta, fins en Arrangement-side som er opprettet p\u00e5 Facebook: <\/p>\n\n\n\n<ul class=\"wp-block-list\">\n<li><a href=\"https:\/\/fb.me\/1OWZUgawB788LlD\">https:\/\/fb.me\/1OWZUgawB788LlD<\/a><\/li>\n<\/ul>\n\n\n\n<div style=\"height:9px\" aria-hidden=\"true\" class=\"wp-block-spacer\"><\/div>\n\n\n\n<div class=\"wp-block-group is-layout-flow wp-block-group-is-layout-flow\" style=\"padding-right:0;padding-left:0\">\n<p class=\"has-accent-1-background-color has-background\">Vipps til 40623535 (husk merk med navn) eller bruk kontonummer 9820 45 26257.<\/p>\n<\/div>\n\n\n\n<div style=\"height:9px\" aria-hidden=\"true\" class=\"wp-block-spacer\"><\/div>\n\n\n\n<p>Kontakt: <a href=\"mailto:frihetensreise@gmail.com\">frihetensreise@gmail.com<\/a><\/p>\n\n\n\n<div style=\"height:4px\" aria-hidden=\"true\" class=\"wp-block-spacer\"><\/div>\n\n\n\n<h2 class=\"wp-block-heading\">Dele<\/h2>\n\n\n\n<p><\/p>\n","protected":false},"excerpt":{"rendered":"<p>Tid: 22.&#8211;24. august 2025Sted: \u00d8vre Jahren G\u00e5rd (Jahrenbakkene 7, 3484 Holmsbu)Adkomst: Busser fra Oslo og Drammen, ogs\u00e5 parkeringsmulighet. Lese merPris: kr 550,- for overnatting, 150 kroner for deltakelse kun l\u00f8rdagArrang\u00f8r: oppbygging.org Velkommen til en helg i landlige omgivelser med hyggelig samv\u00e6r, og ogs\u00e5 noen innslag fra mennesker som har erfaring med kreativ virksomhet som hobby [&hellip;]<\/p>\n","protected":false},"author":1,"featured_media":0,"parent":0,"menu_order":0,"comment_status":"closed","ping_status":"closed","template":"","meta":{"footnotes":""},"class_list":["post-49","page","type-page","status-publish","hentry"],"_links":{"self":[{"href":"https:\/\/oppbygging.org\/leir\/wp-json\/wp\/v2\/pages\/49","targetHints":{"allow":["GET"]}}],"collection":[{"href":"https:\/\/oppbygging.org\/leir\/wp-json\/wp\/v2\/pages"}],"about":[{"href":"https:\/\/oppbygging.org\/leir\/wp-json\/wp\/v2\/types\/page"}],"author":[{"embeddable":true,"href":"https:\/\/oppbygging.org\/leir\/wp-json\/wp\/v2\/users\/1"}],"replies":[{"embeddable":true,"href":"https:\/\/oppbygging.org\/leir\/wp-json\/wp\/v2\/comments?post=49"}],"version-history":[{"count":136,"href":"https:\/\/oppbygging.org\/leir\/wp-json\/wp\/v2\/pages\/49\/revisions"}],"predecessor-version":[{"id":458,"href":"https:\/\/oppbygging.org\/leir\/wp-json\/wp\/v2\/pages\/49\/revisions\/458"}],"wp:attachment":[{"href":"https:\/\/oppbygging.org\/leir\/wp-json\/wp\/v2\/media?parent=49"}],"curies":[{"name":"wp","href":"https:\/\/api.w.org\/{rel}","templated":true}]}}