{"id":216,"date":"2025-07-18T05:16:50","date_gmt":"2025-07-18T03:16:50","guid":{"rendered":"https:\/\/oppbygging.org\/leir\/?page_id=216"},"modified":"2025-07-27T02:59:47","modified_gmt":"2025-07-27T00:59:47","slug":"arrangoren","status":"publish","type":"page","link":"https:\/\/oppbygging.org\/leir\/arrangoren\/","title":{"rendered":"Arrang\u00f8ren"},"content":{"rendered":"\n<figure class=\"wp-block-image alignright size-full is-resized\" style=\"margin-top:var(--wp--preset--spacing--20);margin-right:var(--wp--preset--spacing--20);margin-bottom:var(--wp--preset--spacing--20);margin-left:var(--wp--preset--spacing--20)\"><img loading=\"lazy\" decoding=\"async\" width=\"856\" height=\"1247\" src=\"https:\/\/oppbygging.org\/leir\/wp-content\/uploads\/2025\/07\/Natalie-Neem-crop.jpg\" alt=\"\" class=\"wp-image-335\" style=\"width:213px;height:auto\" srcset=\"https:\/\/oppbygging.org\/leir\/wp-content\/uploads\/2025\/07\/Natalie-Neem-crop.jpg 856w, https:\/\/oppbygging.org\/leir\/wp-content\/uploads\/2025\/07\/Natalie-Neem-crop-206x300.jpg 206w, https:\/\/oppbygging.org\/leir\/wp-content\/uploads\/2025\/07\/Natalie-Neem-crop-703x1024.jpg 703w, https:\/\/oppbygging.org\/leir\/wp-content\/uploads\/2025\/07\/Natalie-Neem-crop-768x1119.jpg 768w\" sizes=\"auto, (max-width: 856px) 100vw, 856px\" \/><figcaption class=\"wp-element-caption\">Natalie Antonsen Rodrigues<\/figcaption><\/figure>\n\n\n\n<p style=\"font-style:normal;font-weight:500\">Jeg har alltid synes det har v\u00e6rt spennede med sunne ting fra naturen, og har jeg funnet noe jeg liker godt har jeg gjort research over hva det gir oss mennesker og hvorfor vi b\u00f8r benytte oss av dette.<\/p>\n\n\n\n<p>Da jeg <a href=\"http:\/\/frihetensreise.no\">flyttet til Auroville<\/a>, og fikk et milj\u00f8 rundt meg og begynte og jobbe p\u00e5 g\u00e5rd (AuroOrchard), s\u00e5 ble jeg kjent med indisk natur. Jeg storkoser meg. Det er s\u00e5 mye jeg kan researche, jeg prater med mennesker rundt meg med erfaringer. Jeg danser, har yoga, <em>aqua gym<\/em> og mange flere aktiviter med mennesker som er dobbelt s\u00e5 gamle som meg og det helt uten at de bruker medisiner.<\/p>\n\n\n\n<p>S\u00e5 jeg brenner for \u00e5 dele kunnskap som jeg selv elsker \u00e5 l\u00e6re om. Jeg er heldig og bor i India med masse naturlige produkter og naturlige medisiner, planter, urter og tr\u00e6r. Jeg \u00f8nsker \u00e5 dele med dere \u00e5ssen vi kan bruke dette og hvorfor vi b\u00f8r bruke det. Og det beste av alt, det jeg deler med dere har jeg tilgang p\u00e5.<\/p>\n\n\n\n<figure class=\"wp-block-image size-full is-resized\"><img loading=\"lazy\" decoding=\"async\" width=\"207\" height=\"214\" src=\"https:\/\/oppbygging.org\/leir\/wp-content\/uploads\/2025\/07\/natalie-kvadratisk.png\" alt=\"\" class=\"wp-image-364\" style=\"width:97px;height:auto\"\/><\/figure>\n\n\n\n<p><a href=\"mailto:frihetensreise@gmail.com\">Natalie<\/a><\/p>\n\n\n\n<p>oppbygging.org<\/p>\n\n\n\n<div style=\"height:16px\" aria-hidden=\"true\" class=\"wp-block-spacer\"><\/div>\n\n\n\n<p><em>(Du kan bli bedre kjent med Natalie p\u00e5 hennes nettsted <a href=\"http:\/\/frihetensreise.no\">FrihetensReise.no<\/a>.)<\/em><\/p>\n\n\n\n<div style=\"height:16px\" aria-hidden=\"true\" class=\"wp-block-spacer\"><\/div>\n\n\n\n<p><a href=\"https:\/\/oppbygging.org\/leir\/\" data-type=\"page\" data-id=\"49\">Forsiden<\/a><\/p>\n\n\n\n<div style=\"height:16px\" aria-hidden=\"true\" class=\"wp-block-spacer\"><\/div>\n\n\n\n<h2 class=\"wp-block-heading\">Dele<\/h2>\n","protected":false},"excerpt":{"rendered":"<p>Jeg har alltid synes det har v\u00e6rt spennede med sunne ting fra naturen, og har jeg funnet noe jeg liker godt har jeg gjort research over hva det gir oss mennesker og hvorfor vi b\u00f8r benytte oss av dette. Da jeg flyttet til Auroville, og fikk et milj\u00f8 rundt meg og begynte og jobbe p\u00e5 [&hellip;]<\/p>\n","protected":false},"author":1,"featured_media":0,"parent":0,"menu_order":0,"comment_status":"closed","ping_status":"closed","template":"","meta":{"footnotes":""},"class_list":["post-216","page","type-page","status-publish","hentry"],"_links":{"self":[{"href":"https:\/\/oppbygging.org\/leir\/wp-json\/wp\/v2\/pages\/216","targetHints":{"allow":["GET"]}}],"collection":[{"href":"https:\/\/oppbygging.org\/leir\/wp-json\/wp\/v2\/pages"}],"about":[{"href":"https:\/\/oppbygging.org\/leir\/wp-json\/wp\/v2\/types\/page"}],"author":[{"embeddable":true,"href":"https:\/\/oppbygging.org\/leir\/wp-json\/wp\/v2\/users\/1"}],"replies":[{"embeddable":true,"href":"https:\/\/oppbygging.org\/leir\/wp-json\/wp\/v2\/comments?post=216"}],"version-history":[{"count":31,"href":"https:\/\/oppbygging.org\/leir\/wp-json\/wp\/v2\/pages\/216\/revisions"}],"predecessor-version":[{"id":380,"href":"https:\/\/oppbygging.org\/leir\/wp-json\/wp\/v2\/pages\/216\/revisions\/380"}],"wp:attachment":[{"href":"https:\/\/oppbygging.org\/leir\/wp-json\/wp\/v2\/media?parent=216"}],"curies":[{"name":"wp","href":"https:\/\/api.w.org\/{rel}","templated":true}]}}