{"id":168,"date":"2025-07-16T04:51:25","date_gmt":"2025-07-16T02:51:25","guid":{"rendered":"https:\/\/oppbygging.org\/leir\/?page_id=168"},"modified":"2025-08-23T19:45:51","modified_gmt":"2025-08-23T17:45:51","slug":"program","status":"publish","type":"page","link":"https:\/\/oppbygging.org\/leir\/program\/","title":{"rendered":"Program"},"content":{"rendered":"\n<h1 class=\"wp-block-heading\">Program<\/h1>\n\n\n\n<p class=\"has-text-align-center\">22.&#8211;24. august 2025<\/p>\n\n\n\n<p>Dette blir en helg fylt med positivitet og kunnskap om hvordan vi skal bygge opp god helse.<\/p>\n\n\n\n<p>Det vil bli grilling, spleisebord, oppbygging av sosiale b\u00e5nd, og vi kommer ogs\u00e5 til \u00e5 dele og f\u00e5 kunnskap som kan gi oss en bedre fremtid. Det vil blant annet bli mulighet for isbading med badstue med eteriske oljer, og bad i naturbasseng.<\/p>\n\n\n\n<p>| tillegg blir det mulighet for:<\/p>\n\n\n\n<ul class=\"wp-block-list\">\n<li>horoskop-reading<\/li>\n\n\n\n<li>massasje<\/li>\n\n\n\n<li>kj\u00f8p og salg av \u00f8kologiske produkter<\/li>\n\n\n\n<li>workshop i naturlig kosmetikk<\/li>\n\n\n\n<li>yoga og meditasjon<\/li>\n<\/ul>\n\n\n\n<p>Vil man v\u00e6re hele helgen fra fredag til s\u00f8ndag med sengeplass i hytte koster det 550 kroner. Hvis ikke kan man komme og bli med p\u00e5 l\u00f8rdag.<\/p>\n\n\n\n<p>Det g\u00e5r busser b\u00e5de fra Oslo og Drammen.<\/p>\n\n\n\n<p>Si ifra hvis du vil bidra med noe som kan v\u00e6re positivt for andre \u00e5 l\u00e6re mer om, eller gi behandling.<\/p>\n\n\n\n<p>Her setter vi &#8216;pause&#8217; p\u00e5 samfunnsdebatt og konspirasjonsteorier og fokuserer p\u00e5 det positive. Hytten har 10 sengeplasser, f\u00f8rste mann til m\u00f8lla. <strong>550 kroner vippses over til 40623535<\/strong> (husk \u00e5 merke med navn) eller bruk <strong>kontonummer 9820 45 26257<\/strong>.<\/p>\n\n\n\n<hr class=\"wp-block-separator has-alpha-channel-opacity\" style=\"margin-top:var(--wp--preset--spacing--60);margin-bottom:var(--wp--preset--spacing--60)\"\/>\n\n\n\n<p><strong>\u00d8rnulf Jahren<\/strong> vil fortelle litt om sin helsereise og om fordelene ved badstu og isbad:<\/p>\n\n\n\n<ul class=\"wp-block-list\">\n<li>lavere risiko for hjerte-\/karsykdom<\/li>\n\n\n\n<li>blodsirkulasjon<\/li>\n\n\n\n<li>dannelse av brunt fett<\/li>\n\n\n\n<li>frigj\u00f8ring av stamceller<\/li>\n<\/ul>\n\n\n\n<hr class=\"wp-block-separator has-alpha-channel-opacity\" style=\"margin-top:var(--wp--preset--spacing--60);margin-bottom:var(--wp--preset--spacing--60)\"\/>\n\n\n\n<p><strong>Eirik V\u00e6rnes<\/strong> tilbyr horoskoptolkninger. Se n\u00e6rmere p\u00e5 de viktigste plasseringene i ditt horoskop, og hva de forteller om deg, dine talenter, dine utfordringer, og hvilke temaer som er aktuelle i ditt liv akkurat n\u00e5. V\u00e6rnes har studert klassisk og esoterisk astrologi.<\/p>\n\n\n\n<p>En tolkning: 30 minutter &#8211; 300 kroner<\/p>\n\n\n\n<hr class=\"wp-block-separator has-alpha-channel-opacity\" style=\"margin-top:var(--wp--preset--spacing--60);margin-bottom:var(--wp--preset--spacing--60)\"\/>\n\n\n\n<p>\u00abI konteksten hvordan bygge opp en bedre fremtid har jeg et innspill jeg \u00f8nsker \u00e5 dele med de som m\u00e5tte \u00f8nske det. Det handler om en enkel og lettl\u00e6rt selvhjelpsmetode som er enkel \u00e5 integrere i hverdagen. Om man har tidligere erfaring med dype prosesser eller er ny p\u00e5 omr\u00e5de kan man utforske en ny innfallsvinkel og se om man kan dra nytte av denne ideen. Den st\u00e5r ikke i motsetning til eller i kontrast til annet arbeid som er gjort p\u00e5 dette feltet, men kan bringe inn nye perspektiver og m\u00e5ter \u00e5 se det p\u00e5 som kan v\u00e6re forl\u00f8sende og effektiv. <\/p>\n\n\n\n<p>\u00abVerkt\u00f8yet har vist seg \u00e5 v\u00e6re mer enn en teknikk for \u00e5 f\u00f8le seg bra. Det har hjulpet tusenvis av mennesker verden over til \u00e5 finne egen kraft og er en meget gjennom- arbeidet metode der psykologi og spirituell \u00e5ndelig utvikling g\u00e5r h\u00e5nd i h\u00e5nd. Jeg vil etter en times presentasjon av metoden gi mulighet for healing behandlinger p\u00e5 benk samt oppf\u00f8lgende samtaler og sp\u00f8rsm\u00e5l til b\u00e5de metode og healing. Jeg tar 300, &#8211; kr timen for behandling p\u00e5 benk der det ogs\u00e5 blir en \u00e5pning for veiledning og samtale. Mvh <strong>Thomas Ring<\/strong>\u00bb<\/p>\n\n\n\n<hr class=\"wp-block-separator has-alpha-channel-opacity\" style=\"margin-top:var(--wp--preset--spacing--60);margin-bottom:var(--wp--preset--spacing--60)\"\/>\n\n\n\n<p>Stand: Hvis du kunne tenke deg \u00e5 utstille noe, presentere et tema, eller lignende, ta gjerne kontakt!<\/p>\n\n\n\n<p>&nbsp;\u260e <a href=\"tel:+4740623535\" data-type=\"tel\" data-id=\"tel:+4740623535\">+47 406 23 535<\/a><br>&nbsp;\ud83d\udce7 <a href=\"mailto:frihetensreise@gmail.com\">frihetensreise@gmail.com<\/a><\/p>\n\n\n\n<hr class=\"wp-block-separator has-alpha-channel-opacity\" style=\"margin-top:var(--wp--preset--spacing--60);margin-bottom:var(--wp--preset--spacing--60)\"\/>\n\n\n\n<p><a href=\"https:\/\/oppbygging.org\/leir\/\" data-type=\"page\" data-id=\"49\">Forsiden<\/a><\/p>\n\n\n\n<div style=\"height:13px\" aria-hidden=\"true\" class=\"wp-block-spacer\"><\/div>\n\n\n\n<h2 class=\"wp-block-heading\">Dele<\/h2>\n\n\n\n<p><\/p>\n","protected":false},"excerpt":{"rendered":"<p>Program 22.&#8211;24. august 2025 Dette blir en helg fylt med positivitet og kunnskap om hvordan vi skal bygge opp god helse. Det vil bli grilling, spleisebord, oppbygging av sosiale b\u00e5nd, og vi kommer ogs\u00e5 til \u00e5 dele og f\u00e5 kunnskap som kan gi oss en bedre fremtid. Det vil blant annet bli mulighet for isbading [&hellip;]<\/p>\n","protected":false},"author":1,"featured_media":0,"parent":0,"menu_order":0,"comment_status":"closed","ping_status":"closed","template":"","meta":{"footnotes":""},"class_list":["post-168","page","type-page","status-publish","hentry"],"_links":{"self":[{"href":"https:\/\/oppbygging.org\/leir\/wp-json\/wp\/v2\/pages\/168","targetHints":{"allow":["GET"]}}],"collection":[{"href":"https:\/\/oppbygging.org\/leir\/wp-json\/wp\/v2\/pages"}],"about":[{"href":"https:\/\/oppbygging.org\/leir\/wp-json\/wp\/v2\/types\/page"}],"author":[{"embeddable":true,"href":"https:\/\/oppbygging.org\/leir\/wp-json\/wp\/v2\/users\/1"}],"replies":[{"embeddable":true,"href":"https:\/\/oppbygging.org\/leir\/wp-json\/wp\/v2\/comments?post=168"}],"version-history":[{"count":23,"href":"https:\/\/oppbygging.org\/leir\/wp-json\/wp\/v2\/pages\/168\/revisions"}],"predecessor-version":[{"id":462,"href":"https:\/\/oppbygging.org\/leir\/wp-json\/wp\/v2\/pages\/168\/revisions\/462"}],"wp:attachment":[{"href":"https:\/\/oppbygging.org\/leir\/wp-json\/wp\/v2\/media?parent=168"}],"curies":[{"name":"wp","href":"https:\/\/api.w.org\/{rel}","templated":true}]}}