{"id":6,"date":"2025-07-04T21:54:58","date_gmt":"2025-07-04T19:54:58","guid":{"rendered":"https:\/\/oppbygging.org\/kaffe\/?page_id=6"},"modified":"2025-07-18T08:25:36","modified_gmt":"2025-07-18T06:25:36","slug":"konsept","status":"publish","type":"page","link":"https:\/\/oppbygging.org\/kaffe\/konsept\/","title":{"rendered":"Konsept"},"content":{"rendered":"\n<figure class=\"wp-block-image size-large is-resized\"><img loading=\"lazy\" decoding=\"async\" width=\"1024\" height=\"712\" src=\"https:\/\/oppbygging.org\/kaffe\/wp-content\/uploads\/2025\/07\/coffee-3689529_1280-1024x712.jpg\" alt=\"\" class=\"wp-image-148\" style=\"width:547px;height:auto\" srcset=\"https:\/\/oppbygging.org\/kaffe\/wp-content\/uploads\/2025\/07\/coffee-3689529_1280-1024x712.jpg 1024w, https:\/\/oppbygging.org\/kaffe\/wp-content\/uploads\/2025\/07\/coffee-3689529_1280-300x209.jpg 300w, https:\/\/oppbygging.org\/kaffe\/wp-content\/uploads\/2025\/07\/coffee-3689529_1280-768x534.jpg 768w, https:\/\/oppbygging.org\/kaffe\/wp-content\/uploads\/2025\/07\/coffee-3689529_1280.jpg 1280w\" sizes=\"auto, (max-width: 1024px) 100vw, 1024px\" \/><\/figure>\n\n\n\n<h1 class=\"wp-block-heading\">Id\u00e9en bak<\/h1>\n\n\n\n<p>Kaffe og prat om gode ting, en id\u00e9 som er en tolkning av det amerikanske konseptet <a href=\"https:\/\/www.dailymotion.com\/video\/x8i1qz9\">Beartaria<\/a>, er enkel men genial. Ihvertfall i teorien. Her kommer n\u00e5 et fors\u00f8k p\u00e5 \u00e5 beskrive konseptet, med f\u00e6rrest mulig ord og p\u00e5 en m\u00e5te som er lett \u00e5 skj\u00f8nne.<\/p>\n\n\n\n<p>N\u00e5, samfunnsdebatten er blitt litegrann livligere og lettere \u00e5 delta i, hvis vi sammenligner med \u00e5ttitallet og kanskje ti\u00e5ret f\u00f8r det. Engasjementet viser seg noen steder p\u00e5 en i overkant livlig m\u00e5te, n\u00e5r det blir steinkasting, ildsp\u00e5settelse eller oppsigelse eller fengsling. Mange kjenner til deler av denne utviklingen.<\/p>\n\n\n\n<p>Engasjement og egne tanker om samfunnet, det er selvsagt verdifullt. Men hva om vi f\u00f8yde til en spesiell del, innenfor det noen kaller frihetsbevegelsen?<\/p>\n\n\n\n<h2 class=\"wp-block-heading\">Til normalt<\/h2>\n\n\n\n<p>\u00c5 komme tilbake til mer normale samfunnsforhold, s\u00e5nn mange vil vurdere hva det er som er normalt, kan v\u00e6re s\u00e5 enkelt som \u00e5 legge vekk noen av <\/p>\n\n\n\n<figure class=\"wp-block-image size-large is-resized\" style=\"margin-top:var(--wp--preset--spacing--40);margin-bottom:var(--wp--preset--spacing--40)\"><img loading=\"lazy\" decoding=\"async\" width=\"1024\" height=\"682\" src=\"https:\/\/oppbygging.org\/kaffe\/wp-content\/uploads\/2025\/07\/gzhel-3655388_1280-1024x682.jpg\" alt=\"\" class=\"wp-image-126\" style=\"width:503px;height:auto\" srcset=\"https:\/\/oppbygging.org\/kaffe\/wp-content\/uploads\/2025\/07\/gzhel-3655388_1280-1024x682.jpg 1024w, https:\/\/oppbygging.org\/kaffe\/wp-content\/uploads\/2025\/07\/gzhel-3655388_1280-300x200.jpg 300w, https:\/\/oppbygging.org\/kaffe\/wp-content\/uploads\/2025\/07\/gzhel-3655388_1280-768x512.jpg 768w, https:\/\/oppbygging.org\/kaffe\/wp-content\/uploads\/2025\/07\/gzhel-3655388_1280.jpg 1280w\" sizes=\"auto, (max-width: 1024px) 100vw, 1024px\" \/><\/figure>\n\n\n\n<figure class=\"wp-block-image size-large is-resized\" style=\"margin-top:var(--wp--preset--spacing--40);margin-bottom:var(--wp--preset--spacing--40)\"><img loading=\"lazy\" decoding=\"async\" width=\"1024\" height=\"682\" src=\"https:\/\/oppbygging.org\/kaffe\/wp-content\/uploads\/2025\/07\/greenhouse-6226263_1280-1024x682.jpg\" alt=\"\" class=\"wp-image-189\" style=\"width:503px;height:auto\" srcset=\"https:\/\/oppbygging.org\/kaffe\/wp-content\/uploads\/2025\/07\/greenhouse-6226263_1280-1024x682.jpg 1024w, https:\/\/oppbygging.org\/kaffe\/wp-content\/uploads\/2025\/07\/greenhouse-6226263_1280-300x200.jpg 300w, https:\/\/oppbygging.org\/kaffe\/wp-content\/uploads\/2025\/07\/greenhouse-6226263_1280-768x512.jpg 768w, https:\/\/oppbygging.org\/kaffe\/wp-content\/uploads\/2025\/07\/greenhouse-6226263_1280.jpg 1280w\" sizes=\"auto, (max-width: 1024px) 100vw, 1024px\" \/><\/figure>\n\n\n\n<p>de mer involverte &#8216;glupe id\u00e9er&#8217;. En reklame fra 1990-\u00e5rene sa det s\u00e5nn, &#8216;Jeg syns det er innmari teit med krig og fred og politikk og religion og s\u00e5nn&#8230;&#8217;<\/p>\n\n\n\n<p>Ved \u00e5 definere en egen, spesielt tillaget situasjon som fri-sone fra ideologi, vil det innenfor der bli veldig enkelt. Man slipper noe av det som kalles globalisme, p\u00e5st\u00e5tt fantastiske id\u00e9er som skal redde verden (figurativt eller bokstavlig&#8230;) For \u00e5 holde p\u00e5 prinsippet, m\u00e5 man imidlertid selv ogs\u00e5 praktisere \u00e5 trykke p\u00e5 pause-knappen for de store halleluja-id\u00e9ene, avsl\u00f8ringene og underskriftskampanjene.<\/p>\n\n\n\n<p>Hva syns <em>du<\/em> at er bra i seg selv?<\/p>\n\n\n\n<p>Dette er Oppbygging Kaffe!<\/p>\n\n\n\n<p><a href=\"mailto:ulf@oppbygging.org\">Ulf<\/a><\/p>\n\n\n\n<p>Sandvika, 14.07.2025<\/p>\n\n\n\n<div style=\"height:18px\" aria-hidden=\"true\" class=\"wp-block-spacer\"><\/div>\n\n\n\n<h2 class=\"wp-block-heading\">Lese videre<\/h2>\n\n\n\n<ul class=\"wp-block-list\">\n<li><a href=\"https:\/\/oppbygging.org\/kaffe\/invitasjonen\/\" data-type=\"page\" data-id=\"49\">Invitasjon<\/a><\/li>\n\n\n\n<li><a href=\"https:\/\/oppbygging.org\/kaffe\/program\/\" data-type=\"page\" data-id=\"168\">Program<\/a><\/li>\n\n\n\n<li><a href=\"https:\/\/oppbygging.org\/kaffe\/arrangoren\/\" data-type=\"page\" data-id=\"216\">Arrang\u00f8r<\/a><\/li>\n<\/ul>\n\n\n\n<div style=\"height:18px\" aria-hidden=\"true\" class=\"wp-block-spacer\"><\/div>\n\n\n\n<p><a href=\"https:\/\/oppbygging.org\/kaffe\/\" data-type=\"page\" data-id=\"49\">Forsiden<\/a><\/p>\n\n\n\n<div style=\"height:18px\" aria-hidden=\"true\" class=\"wp-block-spacer\"><\/div>\n\n\n\n<h2 class=\"wp-block-heading\">Dele<\/h2>\n\n\n\n<p><\/p>\n","protected":false},"excerpt":{"rendered":"<p>Id\u00e9en bak Kaffe og prat om gode ting, en id\u00e9 som er en tolkning av det amerikanske konseptet Beartaria, er enkel men genial. Ihvertfall i teorien. Her kommer n\u00e5 et [&hellip;]<\/p>\n","protected":false},"author":1,"featured_media":0,"parent":0,"menu_order":0,"comment_status":"closed","ping_status":"closed","template":"","meta":{"_price":"","_stock":"","_tribe_ticket_header":"","_tribe_default_ticket_provider":"","_tribe_ticket_capacity":"0","_ticket_start_date":"","_ticket_end_date":"","_tribe_ticket_show_description":"","_tribe_ticket_show_not_going":false,"_tribe_ticket_use_global_stock":"","_tribe_ticket_global_stock_level":"","_global_stock_mode":"","_global_stock_cap":"","_tribe_rsvp_for_event":"","_tribe_ticket_going_count":"","_tribe_ticket_not_going_count":"","_tribe_tickets_list":"[]","_tribe_ticket_has_attendee_info_fields":false,"_EventAllDay":false,"_EventTimezone":"","_EventStartDate":"","_EventEndDate":"","_EventStartDateUTC":"","_EventEndDateUTC":"","_EventShowMap":false,"_EventShowMapLink":false,"_EventURL":"","_EventCost":"","_EventCostDescription":"","_EventCurrencySymbol":"","_EventCurrencyCode":"","_EventCurrencyPosition":"","_EventDateTimeSeparator":"","_EventTimeRangeSeparator":"","_EventOrganizerID":[],"_EventVenueID":[],"_OrganizerEmail":"","_OrganizerPhone":"","_OrganizerWebsite":"","_VenueAddress":"","_VenueCity":"","_VenueCountry":"","_VenueProvince":"","_VenueState":"","_VenueZip":"","_VenuePhone":"","_VenueURL":"","_VenueStateProvince":"","_VenueLat":"","_VenueLng":"","_VenueShowMap":false,"_VenueShowMapLink":false,"footnotes":"","_tec_slr_enabled":"","_tec_slr_layout":""},"class_list":["post-6","page","type-page","status-publish","hentry"],"ticketed":false,"_links":{"self":[{"href":"https:\/\/oppbygging.org\/kaffe\/wp-json\/wp\/v2\/pages\/6","targetHints":{"allow":["GET"]}}],"collection":[{"href":"https:\/\/oppbygging.org\/kaffe\/wp-json\/wp\/v2\/pages"}],"about":[{"href":"https:\/\/oppbygging.org\/kaffe\/wp-json\/wp\/v2\/types\/page"}],"author":[{"embeddable":true,"href":"https:\/\/oppbygging.org\/kaffe\/wp-json\/wp\/v2\/users\/1"}],"replies":[{"embeddable":true,"href":"https:\/\/oppbygging.org\/kaffe\/wp-json\/wp\/v2\/comments?post=6"}],"version-history":[{"count":39,"href":"https:\/\/oppbygging.org\/kaffe\/wp-json\/wp\/v2\/pages\/6\/revisions"}],"predecessor-version":[{"id":235,"href":"https:\/\/oppbygging.org\/kaffe\/wp-json\/wp\/v2\/pages\/6\/revisions\/235"}],"wp:attachment":[{"href":"https:\/\/oppbygging.org\/kaffe\/wp-json\/wp\/v2\/media?parent=6"}],"curies":[{"name":"wp","href":"https:\/\/api.w.org\/{rel}","templated":true}]}}