{"id":543,"date":"2025-10-21T05:33:09","date_gmt":"2025-10-21T03:33:09","guid":{"rendered":"https:\/\/oppbygging.org\/kaffe\/?page_id=543"},"modified":"2026-03-03T12:45:44","modified_gmt":"2026-03-03T11:45:44","slug":"nov-2025","status":"publish","type":"page","link":"https:\/\/oppbygging.org\/kaffe\/","title":{"rendered":"Nov 2025"},"content":{"rendered":"\n<div class=\"wp-block-group is-layout-flow wp-container-core-group-is-layout-3188c145 wp-block-group-is-layout-flow\" style=\"margin-top:0;margin-bottom:0;padding-top:0;padding-right:0;padding-bottom:0;padding-left:0\">\n<div class=\"wp-block-cover alignfull has-parallax\"><div class=\"wp-block-cover__image-background wp-image-317 size-large has-parallax\" style=\"background-position:50% 50%;background-image:url(https:\/\/oppbygging.org\/kaffe\/wp-content\/uploads\/2025\/07\/butterfly-8175198_1280-1024x683.jpg)\"><\/div><span aria-hidden=\"true\" class=\"wp-block-cover__background has-contrast-background-color has-background-dim-30 has-background-dim\"><\/span><div class=\"wp-block-cover__inner-container has-global-padding is-layout-constrained wp-block-cover-is-layout-constrained\">\n<p class=\"has-text-align-center has-base-color has-text-color has-link-color wp-elements-02ac3411f60d64b0c865f71f5fe3e441\" style=\"font-size:clamp(2.2rem, 2.2rem + ((1vw - 0.2rem) * 2.824), 4rem);font-style:normal;font-weight:900;letter-spacing:1px\">Kaffeslabberas<\/p>\n<\/div><\/div>\n\n\n\n<hr class=\"wp-block-separator alignfull has-alpha-channel-opacity\" style=\"margin-top:var(--wp--preset--spacing--40);margin-bottom:var(--wp--preset--spacing--40)\"\/>\n\n\n\n<figure class=\"wp-block-image alignright size-full is-resized\" style=\"margin-top:var(--wp--preset--spacing--20);margin-right:var(--wp--preset--spacing--30);margin-bottom:var(--wp--preset--spacing--20);margin-left:var(--wp--preset--spacing--30)\"><img loading=\"lazy\" decoding=\"async\" width=\"1024\" height=\"1536\" src=\"https:\/\/oppbygging.org\/kaffe\/wp-content\/uploads\/2025\/07\/ChatGPT-Image-Jul-2-2025-08_49_48-AM.png\" alt=\"\" class=\"wp-image-50\" style=\"width:199px;height:auto\" srcset=\"https:\/\/oppbygging.org\/kaffe\/wp-content\/uploads\/2025\/07\/ChatGPT-Image-Jul-2-2025-08_49_48-AM.png 1024w, https:\/\/oppbygging.org\/kaffe\/wp-content\/uploads\/2025\/07\/ChatGPT-Image-Jul-2-2025-08_49_48-AM-200x300.png 200w, https:\/\/oppbygging.org\/kaffe\/wp-content\/uploads\/2025\/07\/ChatGPT-Image-Jul-2-2025-08_49_48-AM-683x1024.png 683w, https:\/\/oppbygging.org\/kaffe\/wp-content\/uploads\/2025\/07\/ChatGPT-Image-Jul-2-2025-08_49_48-AM-768x1152.png 768w\" sizes=\"auto, (max-width: 1024px) 100vw, 1024px\" \/><\/figure>\n\n\n\n<p style=\"line-height:1.7\">Dette konseptet er for <strong>deg <\/strong>som \u00f8nsker at vi har ihvertfall \u00e9n sone forbeholdt \u00e5 fokusere p\u00e5 bra ting som du liker for <em>hva de tingene er i seg selv<\/em>.<\/p>\n\n\n\n<div  class=\"tribe-compatibility-container\" >\n\t<div\n\t\t class=\"tribe-common tribe-events tribe-events-view tribe-events-view--widget-events-list tribe-events-widget\" \t\tdata-js=\"tribe-events-view\"\n\t\tdata-view-rest-url=\"https:\/\/oppbygging.org\/kaffe\/wp-json\/tribe\/views\/v2\/html\"\n\t\tdata-view-manage-url=\"1\"\n\t\t\t\t\t\t\tdata-view-breakpoint-pointer=\"39ea2470-840e-4082-9830-580e32c3091a\"\n\t\t\t>\n\t\t<div class=\"tribe-events-widget-events-list\">\n\n\t\t\t\n\t\t\t<script data-js=\"tribe-events-view-data\" type=\"application\/json\">\n\t{\"slug\":\"widget-events-list\",\"prev_url\":\"\",\"next_url\":\"\",\"view_class\":\"Tribe\\\\Events\\\\Views\\\\V2\\\\Views\\\\Widgets\\\\Widget_List_View\",\"view_slug\":\"widget-events-list\",\"view_label\":\"View\",\"view\":null,\"should_manage_url\":true,\"id\":null,\"alias-slugs\":null,\"title\":\"Kommende Arrangementer \\u2013 Kaffeslabberas\",\"limit\":\"5\",\"no_upcoming_events\":false,\"featured_events_only\":false,\"jsonld_enable\":true,\"tribe_is_list_widget\":false,\"admin_fields\":{\"title\":{\"label\":\"Tittel:\",\"type\":\"text\",\"parent_classes\":\"\",\"classes\":\"\",\"dependency\":\"\",\"id\":\"widget-tribe-widget-events-list--1-title\",\"name\":\"widget-tribe-widget-events-list[-1][title]\",\"options\":[],\"placeholder\":\"\",\"value\":null},\"limit\":{\"label\":\"Vis:\",\"type\":\"number\",\"default\":5,\"min\":1,\"max\":10,\"step\":1,\"parent_classes\":\"\",\"classes\":\"\",\"dependency\":\"\",\"id\":\"widget-tribe-widget-events-list--1-limit\",\"name\":\"widget-tribe-widget-events-list[-1][limit]\",\"options\":[],\"placeholder\":\"\",\"value\":null},\"no_upcoming_events\":{\"label\":\"Skjul denne widgeten hvis det ikke er noen kommende arrangementer.\",\"type\":\"checkbox\",\"parent_classes\":\"\",\"classes\":\"\",\"dependency\":\"\",\"id\":\"widget-tribe-widget-events-list--1-no_upcoming_events\",\"name\":\"widget-tribe-widget-events-list[-1][no_upcoming_events]\",\"options\":[],\"placeholder\":\"\",\"value\":null},\"featured_events_only\":{\"label\":\"Vis kun fremhevede arrangementer\",\"type\":\"checkbox\",\"parent_classes\":\"\",\"classes\":\"\",\"dependency\":\"\",\"id\":\"widget-tribe-widget-events-list--1-featured_events_only\",\"name\":\"widget-tribe-widget-events-list[-1][featured_events_only]\",\"options\":[],\"placeholder\":\"\",\"value\":null},\"jsonld_enable\":{\"label\":\"Generer JSON-LD data\",\"type\":\"checkbox\",\"parent_classes\":\"\",\"classes\":\"\",\"dependency\":\"\",\"id\":\"widget-tribe-widget-events-list--1-jsonld_enable\",\"name\":\"widget-tribe-widget-events-list[-1][jsonld_enable]\",\"options\":[],\"placeholder\":\"\",\"value\":null}},\"events\":[],\"url\":\"https:\\\/\\\/oppbygging.org\\\/kaffe\\\/?post_type=tribe_events&eventDisplay=widget-events-list\",\"url_event_date\":false,\"bar\":{\"keyword\":\"\",\"date\":\"\"},\"today\":\"2026-05-01 00:00:00\",\"now\":\"2026-05-01 12:59:58\",\"home_url\":\"https:\\\/\\\/oppbygging.org\\\/kaffe\",\"rest_url\":\"https:\\\/\\\/oppbygging.org\\\/kaffe\\\/wp-json\\\/tribe\\\/views\\\/v2\\\/html\",\"rest_method\":\"GET\",\"rest_nonce\":\"\",\"today_url\":\"https:\\\/\\\/oppbygging.org\\\/kaffe\\\/?post_type=tribe_events&eventDisplay=widget-events-list&rest_route=%2Fwp%2Fv2%2Fpages%2F543\",\"today_title\":\"Klikk for \\u00e5 velge dagens dato\",\"today_label\":\"I dag\",\"prev_label\":\"\",\"next_label\":\"\",\"date_formats\":{\"compact\":\"m.d.Y\",\"month_and_year_compact\":\"m.Y\",\"month_and_year\":\"F Y\",\"time_range_separator\":\" - \",\"date_time_separator\":\" @ \"},\"messages\":{\"notice\":[\"Det er ingen kommende arrangementer.\"]},\"start_of_week\":\"1\",\"header_title\":\"\",\"header_title_element\":\"h1\",\"content_title\":\"\",\"show_content_title\":false,\"breadcrumbs\":[],\"backlink\":false,\"before_events\":\"\",\"after_events\":\"\\n<!--\\nThis calendar is powered by The Events Calendar.\\nhttp:\\\/\\\/evnt.is\\\/18wn\\n-->\\n\",\"display_events_bar\":false,\"disable_event_search\":false,\"live_refresh\":true,\"ical\":{\"display_link\":true,\"link\":{\"url\":\"https:\\\/\\\/oppbygging.org\\\/kaffe\\\/?post_type=tribe_events&#038;eventDisplay=widget-events-list&#038;ical=1\",\"text\":\"Eksporter Arrangementer\",\"title\":\"Bruk denne for \\u00e5 dele kalenderdata med Google kalender, Apple iCal og andre kompatible applikasjoner\"}},\"container_classes\":[\"tribe-common\",\"tribe-events\",\"tribe-events-view\",\"tribe-events-view--widget-events-list\",\"tribe-events-widget\"],\"container_data\":[],\"is_past\":false,\"breakpoints\":{\"xsmall\":500,\"medium\":768,\"full\":960},\"breakpoint_pointer\":\"39ea2470-840e-4082-9830-580e32c3091a\",\"is_initial_load\":false,\"public_views\":{\"list\":{\"view_class\":\"Tribe\\\\Events\\\\Views\\\\V2\\\\Views\\\\List_View\",\"view_url\":\"https:\\\/\\\/oppbygging.org\\\/kaffe\\\/events\\\/liste\\\/\",\"view_label\":\"Liste\",\"aria_label\":\"Display Arrangementer in Liste View\"},\"month\":{\"view_class\":\"Tribe\\\\Events\\\\Views\\\\V2\\\\Views\\\\Month_View\",\"view_url\":\"https:\\\/\\\/oppbygging.org\\\/kaffe\\\/events\\\/maned\\\/\",\"view_label\":\"M\\u00e5ned\",\"aria_label\":\"Display Arrangementer in M\\u00e5ned View\"},\"day\":{\"view_class\":\"Tribe\\\\Events\\\\Views\\\\V2\\\\Views\\\\Day_View\",\"view_url\":\"https:\\\/\\\/oppbygging.org\\\/kaffe\\\/events\\\/i-dag\\\/\",\"view_label\":\"Dag\",\"aria_label\":\"Display Arrangementer in Dag View\"}},\"show_latest_past\":false,\"past\":false,\"compatibility_classes\":[\"tribe-compatibility-container\"],\"view_more_text\":\"Vis kalender\",\"view_more_title\":\"Se flere arrangementer.\",\"view_more_link\":\"https:\\\/\\\/oppbygging.org\\\/kaffe\\\/events\\\/\",\"widget_title\":\"Kommende arrangementer:\",\"hide_if_no_upcoming_events\":false,\"display\":[],\"subscribe_links\":{\"gcal\":{\"label\":\"Google kalender\",\"single_label\":\"Legg til i Google kalender\",\"visible\":true,\"block_slug\":\"hasGoogleCalendar\"},\"ical\":{\"label\":\"iCalendar\",\"single_label\":\"Legg til iCalendar\",\"visible\":true,\"block_slug\":\"hasiCal\"},\"outlook-365\":{\"label\":\"Outlook 365\",\"single_label\":\"Outlook 365\",\"visible\":true,\"block_slug\":\"hasOutlook365\"},\"outlook-live\":{\"label\":\"Outlook Live\",\"single_label\":\"Outlook Live\",\"visible\":true,\"block_slug\":\"hasOutlookLive\"},\"ics\":{\"label\":\"Eksporter .ics-fil\",\"single_label\":\"Eksporter .ics-fil\",\"visible\":true,\"block_slug\":null},\"outlook-ics\":{\"label\":\"Export Outlook .ics file\",\"single_label\":\"Export Outlook .ics file\",\"visible\":true,\"block_slug\":null}},\"_context\":{\"slug\":\"widget-events-list\"}}<\/script>\n\n\t\t\t\t\t\t\t<header class=\"tribe-events-widget-events-list__header\">\n\t\t\t\t\t<h2 class=\"tribe-events-widget-events-list__header-title tribe-common-h6 tribe-common-h--alt\">\n\t\t\t\t\t\tKommende arrangementer:\t\t\t\t\t<\/h2>\n\t\t\t\t<\/header>\n\t\t\t\n\t\t\t\n\t\t\t\t<div  class=\"tribe-events-header__messages tribe-events-c-messages tribe-common-b2\"  >\n\t\t\t<div class=\"tribe-events-c-messages__message tribe-events-c-messages__message--notice\" tabindex=\"0\" role=\"alert\" aria-live=\"assertive\">\n\t\t\t<svg\n\t class=\"tribe-common-c-svgicon tribe-common-c-svgicon--messages-not-found tribe-events-c-messages__message-icon-svg\" \taria-hidden=\"true\"\n\tviewBox=\"0 0 21 23\"\n\txmlns=\"http:\/\/www.w3.org\/2000\/svg\"\n>\n\t<g fill-rule=\"evenodd\">\n\t\t<path d=\"M.5 2.5h20v20H.5z\"\/>\n\t\t<path stroke-linecap=\"round\" d=\"M7.583 11.583l5.834 5.834m0-5.834l-5.834 5.834\" class=\"tribe-common-c-svgicon__svg-stroke\"\/>\n\t\t<path stroke-linecap=\"round\" d=\"M4.5.5v4m12-4v4\"\/>\n\t\t<path stroke-linecap=\"square\" d=\"M.5 7.5h20\"\/>\n\t<\/g>\n<\/svg>\n<span class=\"tribe-common-a11y-visual-hide\">\n\tMerknad<\/span>\n\t\t\t\t\t\t\t<div\n\t\t\t\t\t data-key=\"0\" >\n\t\t\t\t\tDet er ingen kommende arrangementer.\t\t\t\t<\/div>\n\t\t\t\t\t<\/div>\n\t<\/div>\n\n\t\t\t\t\t<\/div>\n\t<\/div>\n<\/div>\n<script data-js='tribe-events-view-nonce-data' type='application\/json'>{\"tvn1\":\"819d10df95\",\"tvn2\":\"\"}<\/script>\n\n\n\n<div  class=\"tribe-compatibility-container\" >\n\t<div\n\t\t class=\"tribe-common tribe-events tribe-events-view tribe-events-view--widget-events-qr-code tribe-events-widget\" \t\tdata-js=\"tribe-events-view\"\n\t\t\t>\n\t\t<div class=\"tribe-events-widget-events-qr-code\">\n\n\t\t\t\n\t\t\t<script data-js=\"tribe-events-view-data\" type=\"application\/json\">\n\t{\"slug\":\"widget-events-qr-code\",\"prev_url\":\"\",\"next_url\":\"\",\"view_class\":\"Tribe\\\\Events\\\\Views\\\\V2\\\\Views\\\\Widgets\\\\Widget_QR_Code_View\",\"view_slug\":\"widget-events-qr-code\",\"view_label\":\"View\",\"view\":null,\"should_manage_url\":true,\"id\":null,\"alias-slugs\":null,\"widget_title\":\"Events QR Code\",\"qr_code_size\":\"4\",\"redirection\":\"current\",\"event_id\":0,\"series_id\":null,\"admin_fields\":{\"widget_title\":{\"id\":\"widget-tribe-widget-events-qr-code--1-widget_title\",\"label\":\"Tittel:\",\"type\":\"text\",\"parent_classes\":\"\",\"classes\":\"\",\"dependency\":\"\",\"name\":\"widget-tribe-widget-events-qr-code[-1][widget_title]\",\"options\":[],\"placeholder\":\"\",\"value\":null},\"qr_code_size\":{\"id\":\"widget-tribe-widget-events-qr-code--1-qr_code_size\",\"label\":\"QR Code Size:\",\"type\":\"dropdown\",\"options\":[{\"value\":\"4\",\"text\":\"140 x 140 px\"},{\"value\":\"8\",\"text\":\"280 x 280 px\"},{\"value\":\"12\",\"text\":\"420 x 420 px\"},{\"value\":\"16\",\"text\":\"560 x 560 px\"},{\"value\":\"20\",\"text\":\"700 x 700 px\"},{\"value\":\"24\",\"text\":\"840 x 840 px\"},{\"value\":\"28\",\"text\":\"980 x 980 px\"}],\"parent_classes\":\"\",\"classes\":\"\",\"dependency\":\"\",\"name\":\"widget-tribe-widget-events-qr-code[-1][qr_code_size]\",\"placeholder\":\"\",\"value\":null},\"redirection\":{\"id\":\"widget-tribe-widget-events-qr-code--1-redirection\",\"label\":\"Redirection Behavior:\",\"type\":\"dropdown\",\"classes\":\"tribe-dependency\",\"options\":[{\"value\":\"current\",\"text\":\"Redirect to the current event\"},{\"value\":\"upcoming\",\"text\":\"Redirect to the first upcoming event\"},{\"value\":\"specific\",\"text\":\"Redirect to a specific event ID\"}],\"parent_classes\":\"\",\"dependency\":\"\",\"name\":\"widget-tribe-widget-events-qr-code[-1][redirection]\",\"placeholder\":\"\",\"value\":null},\"event_id\":{\"id\":\"widget-tribe-widget-events-qr-code--1-event_id\",\"label\":\"Event ID:\",\"type\":\"dropdown\",\"parent_classes\":\"hidden\",\"classes\":\"tribe-dependent\",\"options\":[{\"value\":\"\",\"text\":\"No Events have been created yet.\"}],\"dependency\":\" data-depends=\\\"#widget-tribe-widget-events-qr-code--1-redirection\\\" data-condition=\\\"specific\\\"\",\"name\":\"widget-tribe-widget-events-qr-code[-1][event_id]\",\"placeholder\":\"\",\"value\":null}},\"title\":\"Kommende Arrangementer \\u2013 Kaffeslabberas\",\"events\":[],\"url\":\"https:\\\/\\\/oppbygging.org\\\/kaffe\\\/?post_type=tribe_events&eventDisplay=widget-events-qr-code\",\"url_event_date\":false,\"bar\":{\"keyword\":\"\",\"date\":\"\"},\"today\":\"2026-05-01 00:00:00\",\"now\":\"2026-05-01 12:59:58\",\"home_url\":\"https:\\\/\\\/oppbygging.org\\\/kaffe\",\"rest_url\":\"https:\\\/\\\/oppbygging.org\\\/kaffe\\\/wp-json\\\/tribe\\\/views\\\/v2\\\/html\",\"rest_method\":\"GET\",\"rest_nonce\":\"\",\"today_url\":\"https:\\\/\\\/oppbygging.org\\\/kaffe\\\/?post_type=tribe_events&eventDisplay=widget-events-qr-code&rest_route=%2Fwp%2Fv2%2Fpages%2F543\",\"today_title\":\"Klikk for \\u00e5 velge dagens dato\",\"today_label\":\"I dag\",\"prev_label\":\"\",\"next_label\":\"\",\"date_formats\":{\"compact\":\"m.d.Y\",\"month_and_year_compact\":\"m.Y\",\"month_and_year\":\"F Y\",\"time_range_separator\":\" - \",\"date_time_separator\":\" @ \"},\"messages\":[],\"start_of_week\":\"1\",\"header_title\":\"\",\"header_title_element\":\"h1\",\"content_title\":\"\",\"show_content_title\":false,\"breadcrumbs\":[],\"backlink\":false,\"before_events\":\"\",\"after_events\":\"\\n<!--\\nThis calendar is powered by The Events Calendar.\\nhttp:\\\/\\\/evnt.is\\\/18wn\\n-->\\n\",\"display_events_bar\":false,\"disable_event_search\":false,\"live_refresh\":true,\"ical\":{\"display_link\":true,\"link\":{\"url\":\"https:\\\/\\\/oppbygging.org\\\/kaffe\\\/?post_type=tribe_events&#038;eventDisplay=widget-events-qr-code&#038;ical=1\",\"text\":\"Eksporter Arrangementer\",\"title\":\"Bruk denne for \\u00e5 dele kalenderdata med Google kalender, Apple iCal og andre kompatible applikasjoner\"}},\"container_classes\":[\"tribe-common\",\"tribe-events\",\"tribe-events-view\",\"tribe-events-view--widget-events-qr-code\",\"tribe-events-widget\"],\"container_data\":[],\"is_past\":false,\"breakpoints\":{\"xsmall\":500,\"medium\":768,\"full\":960},\"breakpoint_pointer\":\"b7a88606-c9b9-4563-be25-f92e77f85756\",\"is_initial_load\":false,\"public_views\":{\"list\":{\"view_class\":\"Tribe\\\\Events\\\\Views\\\\V2\\\\Views\\\\List_View\",\"view_url\":\"https:\\\/\\\/oppbygging.org\\\/kaffe\\\/events\\\/liste\\\/\",\"view_label\":\"Liste\",\"aria_label\":\"Display Arrangementer in Liste View\"},\"month\":{\"view_class\":\"Tribe\\\\Events\\\\Views\\\\V2\\\\Views\\\\Month_View\",\"view_url\":\"https:\\\/\\\/oppbygging.org\\\/kaffe\\\/events\\\/maned\\\/\",\"view_label\":\"M\\u00e5ned\",\"aria_label\":\"Display Arrangementer in M\\u00e5ned View\"},\"day\":{\"view_class\":\"Tribe\\\\Events\\\\Views\\\\V2\\\\Views\\\\Day_View\",\"view_url\":\"https:\\\/\\\/oppbygging.org\\\/kaffe\\\/events\\\/i-dag\\\/\",\"view_label\":\"Dag\",\"aria_label\":\"Display Arrangementer in Dag View\"}},\"show_latest_past\":true,\"past\":false,\"jsonld_enable\":false,\"compatibility_classes\":[\"tribe-compatibility-container\"],\"view_more_text\":\"Vis kalender\",\"view_more_title\":\"Se flere arrangementer.\",\"view_more_link\":\"https:\\\/\\\/oppbygging.org\\\/kaffe\\\/events\\\/\",\"subscribe_links\":{\"gcal\":{\"label\":\"Google kalender\",\"single_label\":\"Legg til i Google kalender\",\"visible\":true,\"block_slug\":\"hasGoogleCalendar\"},\"ical\":{\"label\":\"iCalendar\",\"single_label\":\"Legg til iCalendar\",\"visible\":true,\"block_slug\":\"hasiCal\"},\"outlook-365\":{\"label\":\"Outlook 365\",\"single_label\":\"Outlook 365\",\"visible\":true,\"block_slug\":\"hasOutlook365\"},\"outlook-live\":{\"label\":\"Outlook Live\",\"single_label\":\"Outlook Live\",\"visible\":true,\"block_slug\":\"hasOutlookLive\"},\"ics\":{\"label\":\"Eksporter .ics-fil\",\"single_label\":\"Eksporter .ics-fil\",\"visible\":true,\"block_slug\":null},\"outlook-ics\":{\"label\":\"Export Outlook .ics file\",\"single_label\":\"Export Outlook .ics file\",\"visible\":true,\"block_slug\":null}},\"_context\":{\"slug\":\"widget-events-qr-code\"}}<\/script>\n\n\t\t\t\t\t\t\t<header class=\"tribe-events-widget-events-qr-code__header\">\n\t\t\t\t\t<h2 class=\"tribe-events-widget-events-qr-code__header-title tribe-common-h6 tribe-common-h--alt\">\n\t\t\t\t\t\tEvents QR Code\t\t\t\t\t<\/h2>\n\t\t\t\t<\/header>\n\t\t\t\n\t\t\t<div class=\"tribe-events-widget-events-qr-code__content\">\n\t\t\t\t<img decoding=\"async\" src=\"data:image\/png;base64,iVBORw0KGgoAAAANSUhEUgAAAJwAAACcAQMAAACwdlAOAAAABlBMVEX\/\/\/8AAABVwtN+AAAACXBIWXMAAA7EAAAOxAGVKw4bAAABZUlEQVRIibWW0Y3DMAxDtYH231IbsOJzesj30XWDNHkBIpcmVVf9YLSkqvHllPrcptDHXqh69twPyWDv22f2XJoe396BGpOdeF2E5anP1rsDzYtaq\/RLpQTuSvVr\/K1mAI+fRowt+TLZvyHSju0wLB91QujrwQ5LxsfEcH3VrqN1w36t1Iph2al7j8XWEixcCBs2FLLYTfUQ+uXYwTKvMHUBjnC\/M7CmXY1zaO8Lq64o7al3DH2pPi1FNi\/pzaBVdhUCa4DrMmiEGFRiCWO464S92pFgFfsCZN5wYYuKISZFEH+aNpjCOr2ZqDqsx2AZdKGppw0UMYjhKUX0d+n2Weew6X86DdBIF2B9Y4sardMZQnhCP+jcx2AxdF49hNC6AJ\/\/OSY9px3GkD7lENBXT3ONIRsJ+8DSuFDnkI2Znl\/w\/PHfgN8WRU+9BR2BZidVUg7x2BCs4mnnEA0IlTcmJ10h\/MH4AFd64Tm1jkVJAAAAAElFTkSuQmCC\"  alt=\"QR Code for current event\" class=\"tec-events-qr-code__image\" data-url=\"https:\/\/oppbygging.org\/kaffe\/events\/qr\/MDpjdXJyZW50OjA6JGYyIzVl\/\" >\t\t\t<\/div>\n\t\t<\/div>\n\t<\/div>\n<\/div>\n<script data-js='tribe-events-view-nonce-data' type='application\/json'>{\"tvn1\":\"819d10df95\",\"tvn2\":\"\"}<\/script>\n\n\n\n\n\n<ul class=\"wp-block-list\">\n<li>Innlegg om kreative aktiviteter<\/li>\n\n\n\n<li>Gratis kaffe serveres<\/li>\n\n\n\n<li>Samv\u00e6r og prat<\/li>\n\n\n\n<li>Stand (salg\/info\/osv.)<\/li>\n\n\n\n<li>Spleisebord<\/li>\n<\/ul>\n\n\n\n<p>Du kan f\u00e5 tips om nye kaffeslabberas hvis du abonnerer p\u00e5 bloggen v\u00e5r, eller p\u00e5 Oppbygging Sosialt.<\/p>\n<\/div>\n\n\n\n<div style=\"height:6px\" aria-hidden=\"true\" class=\"wp-block-spacer\"><\/div>\n\n\n\n<div class=\"wp-block-group is-layout-flow wp-container-core-group-is-layout-2c80a324 wp-block-group-is-layout-flow\" style=\"margin-top:0;margin-bottom:0;padding-top:0;padding-right:0;padding-bottom:0;padding-left:0\">\n<div style=\"height:38px\" aria-hidden=\"true\" class=\"wp-block-spacer\"><\/div>\n<\/div>\n\n\n\n<p>Du kan lese mer om ideen bak <a href=\"https:\/\/oppbygging.org\/kaffe\/konsept\/\" data-type=\"page\" data-id=\"6\">her<\/a>!<\/p>\n\n\n\n<div style=\"height:4px\" aria-hidden=\"true\" class=\"wp-block-spacer\"><\/div>\n\n\n\n<div style=\"height:4px\" aria-hidden=\"true\" class=\"wp-block-spacer\"><\/div>\n\n\n\n<div class=\"wp-block-group is-layout-flow wp-block-group-is-layout-flow\">\n<p class=\"has-accent-2-background-color has-background\"><strong>Kontakt:<\/strong> <a href=\"tel:40852623\">408 52 623<\/a>, <a href=\"mailto:ulf@oppbygging.org\">ulf@oppbygging.org<\/a><\/p>\n<\/div>\n\n\n\n<div style=\"height:12px\" aria-hidden=\"true\" class=\"wp-block-spacer\"><\/div>\n\n\n\n<div style=\"height:12px\" aria-hidden=\"true\" class=\"wp-block-spacer\"><\/div>\n\n\n\n<h2 class=\"wp-block-heading\">Arkiv<\/h2>\n\n\n\n<p><em><strong>Tidligere kaffeslabberas<\/strong><\/em><\/p>\n\n\n\n<ul class=\"wp-block-list\">\n<li>20. oktober (<a href=\"https:\/\/oppbygging.org\/kaffe\/program-okt-2025\/\" data-type=\"page\" data-id=\"520\">program<\/a>)<\/li>\n\n\n\n<li>22. september 2025 (<a href=\"https:\/\/oppbygging.org\/kaffe\/program2025sept\/\" data-type=\"page\" data-id=\"463\">program<\/a>)<\/li>\n\n\n\n<li>8. august 2025 (<a href=\"https:\/\/oppbygging.org\/kaffe\/program\/\" data-type=\"page\" data-id=\"168\">program<\/a>)<\/li>\n<\/ul>\n\n\n\n<div style=\"height:4px\" aria-hidden=\"true\" class=\"wp-block-spacer\"><\/div>\n\n\n\n<h2 class=\"wp-block-heading\">Dele<\/h2>\n\n\n\n<p><\/p>\n","protected":false},"excerpt":{"rendered":"<p>Dette konseptet er for deg som \u00f8nsker at vi har ihvertfall \u00e9n sone forbeholdt \u00e5 fokusere p\u00e5 bra ting som du liker for hva de tingene er i seg selv. [&hellip;]<\/p>\n","protected":false},"author":1,"featured_media":0,"parent":0,"menu_order":0,"comment_status":"closed","ping_status":"closed","template":"","meta":{"_price":"","_stock":"","_tribe_ticket_header":"","_tribe_default_ticket_provider":"","_tribe_ticket_capacity":"0","_ticket_start_date":"","_ticket_end_date":"","_tribe_ticket_show_description":"","_tribe_ticket_show_not_going":false,"_tribe_ticket_use_global_stock":"","_tribe_ticket_global_stock_level":"","_global_stock_mode":"","_global_stock_cap":"","_tribe_rsvp_for_event":"","_tribe_ticket_going_count":"","_tribe_ticket_not_going_count":"","_tribe_tickets_list":"[]","_tribe_ticket_has_attendee_info_fields":false,"_EventAllDay":false,"_EventTimezone":"","_EventStartDate":"","_EventEndDate":"","_EventStartDateUTC":"","_EventEndDateUTC":"","_EventShowMap":false,"_EventShowMapLink":false,"_EventURL":"","_EventCost":"","_EventCostDescription":"","_EventCurrencySymbol":"","_EventCurrencyCode":"","_EventCurrencyPosition":"","_EventDateTimeSeparator":"","_EventTimeRangeSeparator":"","_EventOrganizerID":[],"_EventVenueID":[],"_OrganizerEmail":"","_OrganizerPhone":"","_OrganizerWebsite":"","_VenueAddress":"","_VenueCity":"","_VenueCountry":"","_VenueProvince":"","_VenueState":"","_VenueZip":"","_VenuePhone":"","_VenueURL":"","_VenueStateProvince":"","_VenueLat":"","_VenueLng":"","_VenueShowMap":false,"_VenueShowMapLink":false,"footnotes":"","_tec_slr_enabled":"","_tec_slr_layout":""},"class_list":["post-543","page","type-page","status-publish","hentry"],"ticketed":["rsvp"],"_links":{"self":[{"href":"https:\/\/oppbygging.org\/kaffe\/wp-json\/wp\/v2\/pages\/543","targetHints":{"allow":["GET"]}}],"collection":[{"href":"https:\/\/oppbygging.org\/kaffe\/wp-json\/wp\/v2\/pages"}],"about":[{"href":"https:\/\/oppbygging.org\/kaffe\/wp-json\/wp\/v2\/types\/page"}],"author":[{"embeddable":true,"href":"https:\/\/oppbygging.org\/kaffe\/wp-json\/wp\/v2\/users\/1"}],"replies":[{"embeddable":true,"href":"https:\/\/oppbygging.org\/kaffe\/wp-json\/wp\/v2\/comments?post=543"}],"version-history":[{"count":9,"href":"https:\/\/oppbygging.org\/kaffe\/wp-json\/wp\/v2\/pages\/543\/revisions"}],"predecessor-version":[{"id":557,"href":"https:\/\/oppbygging.org\/kaffe\/wp-json\/wp\/v2\/pages\/543\/revisions\/557"}],"wp:attachment":[{"href":"https:\/\/oppbygging.org\/kaffe\/wp-json\/wp\/v2\/media?parent=543"}],"curies":[{"name":"wp","href":"https:\/\/api.w.org\/{rel}","templated":true}]}}