{"id":520,"date":"2025-10-03T15:16:57","date_gmt":"2025-10-03T13:16:57","guid":{"rendered":"https:\/\/oppbygging.org\/kaffe\/?page_id=520"},"modified":"2025-10-17T11:46:00","modified_gmt":"2025-10-17T09:46:00","slug":"program-okt-2025","status":"publish","type":"page","link":"https:\/\/oppbygging.org\/kaffe\/program-okt-2025\/","title":{"rendered":"Program okt 2025"},"content":{"rendered":"\n<h1 class=\"wp-block-heading\">Program<\/h1>\n\n\n\n<p class=\"has-text-align-center\">20. oktober 2025<\/p>\n\n\n\n<h3 class=\"wp-block-heading\">17:00 Mingling<\/h3>\n\n\n\n<h3 class=\"wp-block-heading\">17:30 H\u00e5ndverk som yrke: m\u00f8belsnekker<\/h3>\n\n\n\n<div class=\"wp-block-group is-layout-flow wp-block-group-is-layout-flow\" style=\"padding-right:var(--wp--preset--spacing--30);padding-left:var(--wp--preset--spacing--30)\">\n<p>v\/ Line<\/p>\n\n\n\n<p>Som m\u00f8belsnekker er Line ogs\u00e5 opptatt av \u00e5 justere seg enn\u00e5 mer inn p\u00e5 hvordan hun kan jobbe med det som oppleves meningsfullt for akkurat henne.<\/p>\n<\/div>\n\n\n\n<h3 class=\"wp-block-heading\"><s>17:50 Helse og br\u00e5tt skifte av kosthold ved utenlandsopphold<\/s><\/h3>\n\n\n\n<div class=\"wp-block-group is-layout-flow wp-block-group-is-layout-flow\" style=\"padding-right:var(--wp--preset--spacing--30);padding-left:var(--wp--preset--spacing--30)\">\n<p><s>v\/ P\u00e5l<\/s><\/p>\n\n\n\n<p><s>Under et opphold i Amerika opplevde P\u00e5l helseforandringer, og dette gjorde at han m\u00e5tte g\u00e5 inn i hva \u00e5rsaken kunne v\u00e6re. Ved pr\u00f8ving og feiling fant han frem til en m\u00e5te \u00e5 spise p\u00e5 som fungerte godt.<\/s><\/p>\n\n\n\n<p class=\"has-text-color has-link-color wp-elements-503ad77e68c399ae5bb55a6f4e58b518\" style=\"color:#ff9454\">P\u00e5l er et annet sted denne dagen, men holder kanskje innlegget neste m\u00e5ned.<\/p>\n<\/div>\n\n\n\n<h3 class=\"wp-block-heading\"><em>18:15 Pause<\/em><\/h3>\n\n\n\n<h3 class=\"wp-block-heading\">18:30 Bosniske pyramider<\/h3>\n\n\n\n<div class=\"wp-block-group is-layout-flow wp-block-group-is-layout-flow\" style=\"padding-right:var(--wp--preset--spacing--30);padding-left:var(--wp--preset--spacing--30)\">\n<p>v\/ Bjarte<\/p>\n\n\n\n<p>I 2005, bes\u00f8kte Semir (Sam) Osmanagic, en bosnisk-amerikansk forretningsmann, arkeolog og antropolog, den lille byen Vysoko i Bosnia. Da oppdaget han at en n\u00e6rliggende fjellformasjon lignet p\u00e5 en pyramide. Den hadde perfekt trekantede fjellsider, og en beliggenhet som pekte n\u00f8yaktig mot det kosmiske nord.<\/p>\n\n\n\n<p>Dette f\u00f8rte til at han begynte \u00e5 gj\u00f8re mer omfattende unders\u00f8kelser og m\u00e5linger, som avdekket et helt system av menneskeskapte konstruksjoner, samt noen av deres hemmeligheter. . .Men som ogs\u00e5 reiste mange nye sp\u00f8rsm\u00e5l; hvem bygde det, n\u00e5r, hvorfor og hvordan.<\/p>\n\n\n\n<p>Mye peker mot tapte, avanserte sivilisasjoner med en teknologi ukjent for moderne vitenskap&#8230;<\/p>\n\n\n\n<p>Disse oppdagelser tvinger frem behovet for \u00e5 omskrive historien. Det finnes flere hundre tusen pyramider, p\u00e5 alle kontinenter. Men det st\u00f8rste , eldste og kanskje viktigste pyramide-komplekset i hele verden , ligger i Bosnia.<\/p>\n\n\n\n<p>I p\u00e5sken i 2024, reiste Bjarte med ned til Bosnia, for \u00e5 oppleve dette stedet. Mandag vil han dele med dere, noen av sine erfaringer fra turen.<\/p>\n<\/div>\n\n\n\n<div class=\"wp-block-group is-layout-flow wp-block-group-is-layout-flow\" style=\"margin-top:var(--wp--preset--spacing--40);margin-bottom:var(--wp--preset--spacing--40);padding-top:0;padding-bottom:0\">\n<figure class=\"wp-block-image size-full is-resized\"><img loading=\"lazy\" decoding=\"async\" width=\"853\" height=\"853\" src=\"https:\/\/oppbygging.org\/kaffe\/wp-content\/uploads\/2025\/07\/coffee-5712775_1280-edited.jpg\" alt=\"\" class=\"wp-image-297\" style=\"width:332px;height:auto\" srcset=\"https:\/\/oppbygging.org\/kaffe\/wp-content\/uploads\/2025\/07\/coffee-5712775_1280-edited.jpg 853w, https:\/\/oppbygging.org\/kaffe\/wp-content\/uploads\/2025\/07\/coffee-5712775_1280-edited-300x300.jpg 300w, https:\/\/oppbygging.org\/kaffe\/wp-content\/uploads\/2025\/07\/coffee-5712775_1280-edited-150x150.jpg 150w, https:\/\/oppbygging.org\/kaffe\/wp-content\/uploads\/2025\/07\/coffee-5712775_1280-edited-768x768.jpg 768w\" sizes=\"auto, (max-width: 853px) 100vw, 853px\" \/><\/figure>\n<\/div>\n\n\n\n<h3 class=\"wp-block-heading\">18:50 Mingling<\/h3>\n\n\n\n<div class=\"wp-block-group is-layout-flow wp-block-group-is-layout-flow\" style=\"padding-right:var(--wp--preset--spacing--30);padding-left:var(--wp--preset--spacing--30)\">\n<p>Tid til \u00e5 prate litt uh\u00f8ytidelig sammen igjen, drikke mer kaffe og gjerne spise mer kosemat \ud83d\ude42<\/p>\n<\/div>\n\n\n\n<h3 class=\"wp-block-heading\">19:50 Avslutning<\/h3>\n\n\n\n<hr class=\"wp-block-separator has-alpha-channel-opacity\" style=\"margin-top:var(--wp--preset--spacing--60);margin-bottom:var(--wp--preset--spacing--60)\"\/>\n\n\n\n<p><strong>Stand:<\/strong> Hvis du kunne tenke deg \u00e5 utstille noe, selge, eller sette opp en stand for \u00e5 presentere et tema, ta gjerne kontakt!<\/p>\n\n\n\n<p><br>&nbsp;\u260e <a href=\"tel:+4740852623\">+47 408 52 623<\/a><\/p>\n\n\n\n<p>&nbsp;\ud83d\udce7 <a href=\"mailto:ulf@oppbygging.org\">ulf@oppbygging.org<\/a><\/p>\n\n\n\n<hr class=\"wp-block-separator has-alpha-channel-opacity\" style=\"margin-top:var(--wp--preset--spacing--60);margin-bottom:var(--wp--preset--spacing--60)\"\/>\n\n\n\n<p><a href=\"https:\/\/oppbygging.org\/kaffe\/\" data-type=\"page\" data-id=\"49\">Forsiden<\/a><\/p>\n\n\n\n<div style=\"height:13px\" aria-hidden=\"true\" class=\"wp-block-spacer\"><\/div>\n\n\n\n<h2 class=\"wp-block-heading\">Dele<\/h2>\n\n\n\n<p><\/p>\n","protected":false},"excerpt":{"rendered":"<p>Program 20. oktober 2025 17:00 Mingling 17:30 H\u00e5ndverk som yrke: m\u00f8belsnekker v\/ Line Som m\u00f8belsnekker er Line ogs\u00e5 opptatt av \u00e5 justere seg enn\u00e5 mer inn p\u00e5 hvordan hun kan [&hellip;]<\/p>\n","protected":false},"author":1,"featured_media":0,"parent":0,"menu_order":0,"comment_status":"closed","ping_status":"closed","template":"","meta":{"_price":"","_stock":"","_tribe_ticket_header":"","_tribe_default_ticket_provider":"","_tribe_ticket_capacity":"0","_ticket_start_date":"","_ticket_end_date":"","_tribe_ticket_show_description":"","_tribe_ticket_show_not_going":false,"_tribe_ticket_use_global_stock":"","_tribe_ticket_global_stock_level":"","_global_stock_mode":"","_global_stock_cap":"","_tribe_rsvp_for_event":"","_tribe_ticket_going_count":"","_tribe_ticket_not_going_count":"","_tribe_tickets_list":"[]","_tribe_ticket_has_attendee_info_fields":false,"_EventAllDay":false,"_EventTimezone":"","_EventStartDate":"","_EventEndDate":"","_EventStartDateUTC":"","_EventEndDateUTC":"","_EventShowMap":false,"_EventShowMapLink":false,"_EventURL":"","_EventCost":"","_EventCostDescription":"","_EventCurrencySymbol":"","_EventCurrencyCode":"","_EventCurrencyPosition":"","_EventDateTimeSeparator":"","_EventTimeRangeSeparator":"","_EventOrganizerID":[],"_EventVenueID":[],"_OrganizerEmail":"","_OrganizerPhone":"","_OrganizerWebsite":"","_VenueAddress":"","_VenueCity":"","_VenueCountry":"","_VenueProvince":"","_VenueState":"","_VenueZip":"","_VenuePhone":"","_VenueURL":"","_VenueStateProvince":"","_VenueLat":"","_VenueLng":"","_VenueShowMap":false,"_VenueShowMapLink":false,"footnotes":"","_tec_slr_enabled":"","_tec_slr_layout":""},"class_list":["post-520","page","type-page","status-publish","hentry"],"ticketed":false,"_links":{"self":[{"href":"https:\/\/oppbygging.org\/kaffe\/wp-json\/wp\/v2\/pages\/520","targetHints":{"allow":["GET"]}}],"collection":[{"href":"https:\/\/oppbygging.org\/kaffe\/wp-json\/wp\/v2\/pages"}],"about":[{"href":"https:\/\/oppbygging.org\/kaffe\/wp-json\/wp\/v2\/types\/page"}],"author":[{"embeddable":true,"href":"https:\/\/oppbygging.org\/kaffe\/wp-json\/wp\/v2\/users\/1"}],"replies":[{"embeddable":true,"href":"https:\/\/oppbygging.org\/kaffe\/wp-json\/wp\/v2\/comments?post=520"}],"version-history":[{"count":7,"href":"https:\/\/oppbygging.org\/kaffe\/wp-json\/wp\/v2\/pages\/520\/revisions"}],"predecessor-version":[{"id":537,"href":"https:\/\/oppbygging.org\/kaffe\/wp-json\/wp\/v2\/pages\/520\/revisions\/537"}],"wp:attachment":[{"href":"https:\/\/oppbygging.org\/kaffe\/wp-json\/wp\/v2\/media?parent=520"}],"curies":[{"name":"wp","href":"https:\/\/api.w.org\/{rel}","templated":true}]}}