{"id":49,"date":"2025-07-11T06:07:21","date_gmt":"2025-07-11T04:07:21","guid":{"rendered":"https:\/\/oppbygging.org\/kaffe\/?page_id=49"},"modified":"2025-08-10T01:57:48","modified_gmt":"2025-08-09T23:57:48","slug":"invitasjonen","status":"publish","type":"page","link":"https:\/\/oppbygging.org\/kaffe\/invitasjonen\/","title":{"rendered":"Invitasjonen"},"content":{"rendered":"\n<div class=\"wp-block-group is-layout-flow wp-container-core-group-is-layout-3188c145 wp-block-group-is-layout-flow\" style=\"margin-top:0;margin-bottom:0;padding-top:0;padding-right:0;padding-bottom:0;padding-left:0\">\n<div class=\"wp-block-cover alignfull has-parallax\"><div class=\"wp-block-cover__image-background wp-image-317 size-large has-parallax\" style=\"background-position:50% 50%;background-image:url(https:\/\/oppbygging.org\/kaffe\/wp-content\/uploads\/2025\/07\/butterfly-8175198_1280-1024x683.jpg)\"><\/div><span aria-hidden=\"true\" class=\"wp-block-cover__background has-contrast-background-color has-background-dim-30 has-background-dim\"><\/span><div class=\"wp-block-cover__inner-container has-global-padding is-layout-constrained wp-block-cover-is-layout-constrained\">\n<p class=\"has-text-align-center has-base-color has-text-color has-link-color wp-elements-02ac3411f60d64b0c865f71f5fe3e441\" style=\"font-size:clamp(2.2rem, 2.2rem + ((1vw - 0.2rem) * 2.824), 4rem);font-style:normal;font-weight:900;letter-spacing:1px\">Kaffeslabberas<\/p>\n<\/div><\/div>\n\n\n\n<p><strong>Tid:<\/strong> klokken 17 mandag 11. august 2025<br><strong>Sted:<\/strong> Emma kafe (Emma Hjorths vei 66, 1336 Sandvika)<br><strong>Adkomst:<\/strong> Buss <a href=\"https:\/\/oppbygging.org\/kaffe\/11-08-2025-kollektivtransport\/\" data-type=\"page\" data-id=\"427\">240 fra Sandvika stasjon<\/a> til stoppet Emma Hjorts vei, ogs\u00e5 gode parkeringsmuligheter<br><strong>Gratis<\/strong> (de som har lyst og kan, er velkommen til \u00e5 <a href=\"https:\/\/oppbygging.org\/kaffe\/donasjon\/\" data-type=\"page\" data-id=\"368\">donere<\/a> til leien)<br><strong>Arrang\u00f8r:<\/strong> <a href=\"https:\/\/oppbygging.org\/kaffe\/arrangoren\/\" data-type=\"page\" data-id=\"216\">oppbygging.org<\/a><\/p>\n\n\n\n<hr class=\"wp-block-separator alignfull has-alpha-channel-opacity\" style=\"margin-top:var(--wp--preset--spacing--40);margin-bottom:var(--wp--preset--spacing--40)\"\/>\n\n\n\n<figure class=\"wp-block-image alignright size-full is-resized\" style=\"margin-top:var(--wp--preset--spacing--20);margin-right:var(--wp--preset--spacing--30);margin-bottom:var(--wp--preset--spacing--20);margin-left:var(--wp--preset--spacing--30)\"><img loading=\"lazy\" decoding=\"async\" width=\"1024\" height=\"1536\" src=\"https:\/\/oppbygging.org\/kaffe\/wp-content\/uploads\/2025\/07\/ChatGPT-Image-Jul-2-2025-08_49_48-AM.png\" alt=\"\" class=\"wp-image-50\" style=\"width:199px;height:auto\" srcset=\"https:\/\/oppbygging.org\/kaffe\/wp-content\/uploads\/2025\/07\/ChatGPT-Image-Jul-2-2025-08_49_48-AM.png 1024w, https:\/\/oppbygging.org\/kaffe\/wp-content\/uploads\/2025\/07\/ChatGPT-Image-Jul-2-2025-08_49_48-AM-200x300.png 200w, https:\/\/oppbygging.org\/kaffe\/wp-content\/uploads\/2025\/07\/ChatGPT-Image-Jul-2-2025-08_49_48-AM-683x1024.png 683w, https:\/\/oppbygging.org\/kaffe\/wp-content\/uploads\/2025\/07\/ChatGPT-Image-Jul-2-2025-08_49_48-AM-768x1152.png 768w\" sizes=\"auto, (max-width: 1024px) 100vw, 1024px\" \/><\/figure>\n\n\n\n<p style=\"line-height:1.7\">Velkommen til noen timer i landlige omgivelser med kaffe og hyggelig prat, kanskje et stykke kake, og ogs\u00e5 noen innslag fra mennesker som har erfaring med kreativ virksomhet som hobby eller profesjonelt. For eksempel dyrking av gr\u00f8nnsaker p\u00e5 hobbybasis.<\/p>\n\n\n\n<p style=\"line-height:1.7\">Dette er for deg som \u00f8nsker at vi har ihvertfall \u00e9n sone som er forbeholdt det \u00e5 fokusere p\u00e5 bra ting som du liker for <em>hva de er i seg selv<\/em>. (Alts\u00e5: man lager jo vafler fordi <strong>man syns det er godt til kaffen<\/strong>, <em>ikke<\/em> som en protest fordi man &#8216;hater pannekaker&#8217;&#8230;)<\/p>\n\n\n\n<div class=\"wp-block-columns is-layout-flex wp-container-core-columns-is-layout-28f84493 wp-block-columns-is-layout-flex\">\n<div class=\"wp-block-column is-layout-flow wp-block-column-is-layout-flow\" style=\"flex-basis:100%\">\n<p class=\"has-accent-1-background-color has-background\" style=\"margin-top:var(--wp--preset--spacing--20);margin-right:0;margin-bottom:var(--wp--preset--spacing--20);margin-left:0;padding-top:var(--wp--preset--spacing--20);padding-right:0;padding-bottom:var(--wp--preset--spacing--20);padding-left:0\">Tenk gjerne over p\u00e5 forh\u00e5nd noe du kan prate med sidemannen om, som er <em>bra<\/em>. Og da er det er absolutt ogs\u00e5 greit \u00e5 ta med og vise noe du har laget, holder p\u00e5 med eller l\u00e6rer om.<\/p>\n<\/div>\n<\/div>\n<\/div>\n\n\n\n<div style=\"height:6px\" aria-hidden=\"true\" class=\"wp-block-spacer\"><\/div>\n\n\n\n<div class=\"wp-block-group is-layout-flow wp-container-core-group-is-layout-2c80a324 wp-block-group-is-layout-flow\" style=\"margin-top:0;margin-bottom:0;padding-top:0;padding-right:0;padding-bottom:0;padding-left:0\">\n\n\n\n\n<div style=\"height:38px\" aria-hidden=\"true\" class=\"wp-block-spacer\"><\/div>\n\n\n\n<p style=\"line-height:1.7\">Hvis en positiv samling kunne v\u00e6rt noe for deg &#8212; velkommen!<\/p>\n<\/div>\n\n\n\n<ul class=\"wp-block-list\">\n<li>Les mer om <a href=\"https:\/\/oppbygging.org\/kaffe\/konsept\/\" data-type=\"page\" data-id=\"6\">id\u00e9en bak<\/a><\/li>\n<\/ul>\n\n\n\n<div style=\"height:4px\" aria-hidden=\"true\" class=\"wp-block-spacer\"><\/div>\n\n\n\n<h2 class=\"wp-block-heading\">RSVP<\/h2>\n\n\n\n<style id=\"wpforms-css-vars-386\">\n\t\t\t\t#wpforms-386 {\n\t\t\t\t\n\t\t\t}\n\t\t\t<\/style><div class=\"wpforms-container wpforms-container-full wpforms-render-modern\" id=\"wpforms-386\"><form id=\"wpforms-form-386\" class=\"wpforms-validate wpforms-form wpforms-ajax-form\" data-formid=\"386\" method=\"post\" enctype=\"multipart\/form-data\" action=\"\/kaffe\/wp-json\/wp\/v2\/pages\/49\" data-token=\"28a3337524891baf3647b6b2f5e95cbb\" data-token-time=\"1777644162\"><noscript class=\"wpforms-error-noscript\">Please enable JavaScript in your browser to complete this form.<\/noscript><div id=\"wpforms-error-noscript\" style=\"display: none;\">Please enable JavaScript in your browser to complete this form.<\/div><div class=\"wpforms-field-container\">\t\t<div id=\"wpforms-386-field_2-container\"\n\t\t\tclass=\"wpforms-field wpforms-field-text\"\n\t\t\tdata-field-type=\"text\"\n\t\t\tdata-field-id=\"2\"\n\t\t\t>\n\t\t\t<label class=\"wpforms-field-label\" for=\"wpforms-386-field_2\" >Epost til delta?<\/label>\n\t\t\t<input type=\"text\" id=\"wpforms-386-field_2\" class=\"wpforms-field-medium\" name=\"wpforms[fields][2]\" >\n\t\t<\/div>\n\t\t<div id=\"wpforms-386-field_1-container\" class=\"wpforms-field wpforms-field-name\" data-field-id=\"1\"><label class=\"wpforms-field-label\" for=\"wpforms-386-field_1\">Navn <span class=\"wpforms-required-label\" aria-hidden=\"true\">*<\/span><\/label><input type=\"text\" id=\"wpforms-386-field_1\" class=\"wpforms-field-medium wpforms-field-required\" name=\"wpforms[fields][1]\" aria-errormessage=\"wpforms-386-field_1-error\" required><\/div><div id=\"wpforms-386-field_8-container\" class=\"wpforms-field wpforms-field-email\" data-field-id=\"8\"><label class=\"wpforms-field-label\" for=\"wpforms-386-field_8\">Epost <span class=\"wpforms-required-label\" aria-hidden=\"true\">*<\/span><\/label><input type=\"email\" id=\"wpforms-386-field_8\" class=\"wpforms-field-medium wpforms-field-required\" name=\"wpforms[fields][8]\" spellcheck=\"false\" aria-errormessage=\"wpforms-386-field_8-error\" required><\/div><div id=\"wpforms-386-field_4-container\" class=\"wpforms-field wpforms-field-radio\" data-field-id=\"4\"><fieldset><legend class=\"wpforms-field-label\">Kommer du til \u00e5 delta? <span class=\"wpforms-required-label\" aria-hidden=\"true\">*<\/span><\/legend><ul id=\"wpforms-386-field_4\" class=\"wpforms-field-required\"><li class=\"choice-1 depth-1\"><input type=\"radio\" id=\"wpforms-386-field_4_1\" name=\"wpforms[fields][4]\" value=\"Selvsagt\" aria-errormessage=\"wpforms-386-field_4_1-error\" required ><label class=\"wpforms-field-label-inline\" for=\"wpforms-386-field_4_1\">Selvsagt<\/label><\/li><\/ul><\/fieldset><\/div><script>\n\t\t\t\t( function() {\n\t\t\t\t\tconst style = document.createElement( 'style' );\n\t\t\t\t\tstyle.appendChild( document.createTextNode( '#wpforms-386-field_2-container { position: absolute !important; overflow: hidden !important; display: inline !important; height: 1px !important; width: 1px !important; z-index: -1000 !important; padding: 0 !important; } #wpforms-386-field_2-container input { visibility: hidden; } #wpforms-conversational-form-page #wpforms-386-field_2-container label { counter-increment: none; }' ) );\n\t\t\t\t\tdocument.head.appendChild( style );\n\t\t\t\t\tdocument.currentScript?.remove();\n\t\t\t\t} )();\n\t\t\t<\/script><\/div><!-- .wpforms-field-container --><div class=\"wpforms-submit-container\" ><input type=\"hidden\" name=\"wpforms[id]\" value=\"386\"><input type=\"hidden\" name=\"page_title\" value=\"\"><input type=\"hidden\" name=\"page_url\" value=\"https:\/\/oppbygging.org\/kaffe\/wp-json\/wp\/v2\/pages\/49\"><input type=\"hidden\" name=\"url_referer\" value=\"\"><button type=\"submit\" name=\"wpforms[submit]\" id=\"wpforms-submit-386\" class=\"wpforms-submit\" data-alt-text=\"Sender...\" data-submit-text=\"Sende\" aria-live=\"assertive\" value=\"wpforms-submit\">Sende<\/button><img loading=\"lazy\" decoding=\"async\" src=\"https:\/\/oppbygging.org\/kaffe\/wp-content\/plugins\/wpforms-lite\/assets\/images\/submit-spin.svg\" class=\"wpforms-submit-spinner\" style=\"display: none;\" width=\"26\" height=\"26\" alt=\"Loading\"><\/div><\/form><\/div>  <!-- .wpforms-container -->\n\n\n\n<div style=\"height:4px\" aria-hidden=\"true\" class=\"wp-block-spacer\"><\/div>\n\n\n\n<div class=\"wp-block-group is-layout-flow wp-block-group-is-layout-flow\">\n<p class=\"has-accent-2-background-color has-background\"><strong>Kontakt:<\/strong> <a href=\"tel:40852623\">408 52 623<\/a>, <a href=\"mailto:ulf@oppbygging.org\">ulf@oppbygging.org<\/a><\/p>\n<\/div>\n\n\n\n<div style=\"height:12px\" aria-hidden=\"true\" class=\"wp-block-spacer\"><\/div>\n\n\n\n<p><em>(Hvis du eventuelt trenger overnatting, fins <a href=\"https:\/\/www.emmagjestehus.no\/booking\">Emma Gjestehus<\/a> i n\u00e6rheten.)<\/em><\/p>\n\n\n\n<div style=\"height:4px\" aria-hidden=\"true\" class=\"wp-block-spacer\"><\/div>\n\n\n\n<h2 class=\"wp-block-heading\">Dele<\/h2>\n\n\n\n<p><\/p>\n","protected":false},"excerpt":{"rendered":"<p>Tid: klokken 17 mandag 11. august 2025Sted: Emma kafe (Emma Hjorths vei 66, 1336 Sandvika)Adkomst: Buss 240 fra Sandvika stasjon til stoppet Emma Hjorts vei, ogs\u00e5 gode parkeringsmuligheterGratis (de som [&hellip;]<\/p>\n","protected":false},"author":1,"featured_media":0,"parent":0,"menu_order":0,"comment_status":"closed","ping_status":"closed","template":"","meta":{"_price":"","_stock":"","_tribe_ticket_header":"","_tribe_default_ticket_provider":"","_tribe_ticket_capacity":"0","_ticket_start_date":"","_ticket_end_date":"","_tribe_ticket_show_description":"","_tribe_ticket_show_not_going":false,"_tribe_ticket_use_global_stock":"","_tribe_ticket_global_stock_level":"","_global_stock_mode":"","_global_stock_cap":"","_tribe_rsvp_for_event":"","_tribe_ticket_going_count":"","_tribe_ticket_not_going_count":"","_tribe_tickets_list":"[]","_tribe_ticket_has_attendee_info_fields":false,"_EventAllDay":false,"_EventTimezone":"","_EventStartDate":"","_EventEndDate":"","_EventStartDateUTC":"","_EventEndDateUTC":"","_EventShowMap":false,"_EventShowMapLink":false,"_EventURL":"","_EventCost":"","_EventCostDescription":"","_EventCurrencySymbol":"","_EventCurrencyCode":"","_EventCurrencyPosition":"","_EventDateTimeSeparator":"","_EventTimeRangeSeparator":"","_EventOrganizerID":[],"_EventVenueID":[],"_OrganizerEmail":"","_OrganizerPhone":"","_OrganizerWebsite":"","_VenueAddress":"","_VenueCity":"","_VenueCountry":"","_VenueProvince":"","_VenueState":"","_VenueZip":"","_VenuePhone":"","_VenueURL":"","_VenueStateProvince":"","_VenueLat":"","_VenueLng":"","_VenueShowMap":false,"_VenueShowMapLink":false,"footnotes":"","_tec_slr_enabled":"","_tec_slr_layout":""},"class_list":["post-49","page","type-page","status-publish","hentry"],"ticketed":false,"_links":{"self":[{"href":"https:\/\/oppbygging.org\/kaffe\/wp-json\/wp\/v2\/pages\/49","targetHints":{"allow":["GET"]}}],"collection":[{"href":"https:\/\/oppbygging.org\/kaffe\/wp-json\/wp\/v2\/pages"}],"about":[{"href":"https:\/\/oppbygging.org\/kaffe\/wp-json\/wp\/v2\/types\/page"}],"author":[{"embeddable":true,"href":"https:\/\/oppbygging.org\/kaffe\/wp-json\/wp\/v2\/users\/1"}],"replies":[{"embeddable":true,"href":"https:\/\/oppbygging.org\/kaffe\/wp-json\/wp\/v2\/comments?post=49"}],"version-history":[{"count":136,"href":"https:\/\/oppbygging.org\/kaffe\/wp-json\/wp\/v2\/pages\/49\/revisions"}],"predecessor-version":[{"id":438,"href":"https:\/\/oppbygging.org\/kaffe\/wp-json\/wp\/v2\/pages\/49\/revisions\/438"}],"wp:attachment":[{"href":"https:\/\/oppbygging.org\/kaffe\/wp-json\/wp\/v2\/media?parent=49"}],"curies":[{"name":"wp","href":"https:\/\/api.w.org\/{rel}","templated":true}]}}