{"id":463,"date":"2025-09-02T13:43:15","date_gmt":"2025-09-02T11:43:15","guid":{"rendered":"https:\/\/oppbygging.org\/kaffe\/?page_id=463"},"modified":"2025-09-20T20:36:09","modified_gmt":"2025-09-20T18:36:09","slug":"program2025sept","status":"publish","type":"page","link":"https:\/\/oppbygging.org\/kaffe\/program2025sept\/","title":{"rendered":"Program"},"content":{"rendered":"\n<h1 class=\"wp-block-heading\">Program<\/h1>\n\n\n\n<p class=\"has-text-align-center\">22. september 2025<\/p>\n\n\n\n<h3 class=\"wp-block-heading\">17:00 Mingling<\/h3>\n\n\n\n<h3 class=\"wp-block-heading\">17:30 Om <em>fettsyrebalanse<\/em> (stikkord: Omega 3 og Omega 6)<\/h3>\n\n\n\n<div class=\"wp-block-group is-layout-flow wp-block-group-is-layout-flow\" style=\"padding-right:var(--wp--preset--spacing--30);padding-left:var(--wp--preset--spacing--30)\">\n<p>v\/ Camilla<\/p>\n\n\n\n<p>Kroppens celler kan fungere p\u00e5 en sunn og god m\u00e5te, eller p\u00e5 en mindre sunn m\u00e5te. Dette kan ha \u00e5 gj\u00f8re med blandt annet hva vi spiser og drikker.<\/p>\n<\/div>\n\n\n\n<h3 class=\"wp-block-heading\">17:50 Hvordan kan man egentlig skape et musikkalbum?<\/h3>\n\n\n\n<div class=\"wp-block-group is-layout-flow wp-block-group-is-layout-flow\" style=\"padding-right:var(--wp--preset--spacing--30);padding-left:var(--wp--preset--spacing--30)\">\n<p>v\/ Eirik<\/p>\n\n\n\n<p>Eirik er god p\u00e5 gitar, og spiller i band. For tiden holder de p\u00e5 med innspurten p\u00e5 \u00e5 lage album. Det vil han fortelle litt om.<\/p>\n<\/div>\n\n\n\n<h3 class=\"wp-block-heading\"><em>18:15 Pause<\/em><\/h3>\n\n\n\n<h3 class=\"wp-block-heading\">18:30 Om dans<\/h3>\n\n\n\n<p>v\/ Lisa<\/p>\n\n\n\n<p>Lisa er en entusiastisk og veldig aktiv danser, og vi f\u00e5r alts\u00e5 h\u00f8re litt om det som jo er en temmelig sentral del av kultur.<\/p>\n\n\n\n<div class=\"wp-block-group is-layout-flow wp-block-group-is-layout-flow\" style=\"margin-top:var(--wp--preset--spacing--40);margin-bottom:var(--wp--preset--spacing--40);padding-top:0;padding-bottom:0\">\n<figure class=\"wp-block-image size-full is-resized\"><img loading=\"lazy\" decoding=\"async\" width=\"853\" height=\"853\" src=\"https:\/\/oppbygging.org\/kaffe\/wp-content\/uploads\/2025\/07\/coffee-5712775_1280-edited.jpg\" alt=\"\" class=\"wp-image-297\" style=\"width:332px;height:auto\" srcset=\"https:\/\/oppbygging.org\/kaffe\/wp-content\/uploads\/2025\/07\/coffee-5712775_1280-edited.jpg 853w, https:\/\/oppbygging.org\/kaffe\/wp-content\/uploads\/2025\/07\/coffee-5712775_1280-edited-300x300.jpg 300w, https:\/\/oppbygging.org\/kaffe\/wp-content\/uploads\/2025\/07\/coffee-5712775_1280-edited-150x150.jpg 150w, https:\/\/oppbygging.org\/kaffe\/wp-content\/uploads\/2025\/07\/coffee-5712775_1280-edited-768x768.jpg 768w\" sizes=\"auto, (max-width: 853px) 100vw, 853px\" \/><\/figure>\n<\/div>\n\n\n\n<h3 class=\"wp-block-heading\">18:50 Kaffe (spleisebord)<\/h3>\n\n\n\n<div class=\"wp-block-group is-layout-flow wp-block-group-is-layout-flow\" style=\"padding-right:var(--wp--preset--spacing--30);padding-left:var(--wp--preset--spacing--30)\">\n<p>Hvis du hadde hatt lyst til \u00e5 ta med f.eks. druer, frukt, b\u00e6r eller noe hjemmebakt til kaffeslabberaset ville alle bli str\u00e5lende glad! \ud83d\ude42<\/p>\n<\/div>\n\n\n\n<h3 class=\"wp-block-heading\">19:50 Avslutning<\/h3>\n\n\n\n<hr class=\"wp-block-separator has-alpha-channel-opacity\" style=\"margin-top:var(--wp--preset--spacing--60);margin-bottom:var(--wp--preset--spacing--60)\"\/>\n\n\n\n<p><strong>Stand:<\/strong> Hvis du kunne tenke deg \u00e5 utstille noe, eller sette opp en stand for \u00e5 presentere et tema, ta gjerne kontakt!<\/p>\n\n\n\n<p><br>&nbsp;\u260e <a href=\"tel:+4740852623\">+47 408 52 623<\/a><\/p>\n\n\n\n<p>&nbsp;\ud83d\udce7 <a href=\"mailto:ulf@oppbygging.org\">ulf@oppbygging.org<\/a><\/p>\n\n\n\n<hr class=\"wp-block-separator has-alpha-channel-opacity\" style=\"margin-top:var(--wp--preset--spacing--60);margin-bottom:var(--wp--preset--spacing--60)\"\/>\n\n\n\n<p><a href=\"https:\/\/oppbygging.org\/kaffe\/\" data-type=\"page\" data-id=\"49\">Forsiden<\/a><\/p>\n\n\n\n<div style=\"height:13px\" aria-hidden=\"true\" class=\"wp-block-spacer\"><\/div>\n\n\n\n<h2 class=\"wp-block-heading\">Dele<\/h2>\n\n\n\n<p><\/p>\n","protected":false},"excerpt":{"rendered":"<p>Program 22. september 2025 17:00 Mingling 17:30 Om fettsyrebalanse (stikkord: Omega 3 og Omega 6) v\/ Camilla Kroppens celler kan fungere p\u00e5 en sunn og god m\u00e5te, eller p\u00e5 en [&hellip;]<\/p>\n","protected":false},"author":1,"featured_media":0,"parent":0,"menu_order":0,"comment_status":"closed","ping_status":"closed","template":"","meta":{"_price":"","_stock":"","_tribe_ticket_header":"","_tribe_default_ticket_provider":"","_tribe_ticket_capacity":"0","_ticket_start_date":"","_ticket_end_date":"","_tribe_ticket_show_description":"","_tribe_ticket_show_not_going":false,"_tribe_ticket_use_global_stock":"","_tribe_ticket_global_stock_level":"","_global_stock_mode":"","_global_stock_cap":"","_tribe_rsvp_for_event":"","_tribe_ticket_going_count":"","_tribe_ticket_not_going_count":"","_tribe_tickets_list":"[]","_tribe_ticket_has_attendee_info_fields":false,"_EventAllDay":false,"_EventTimezone":"","_EventStartDate":"","_EventEndDate":"","_EventStartDateUTC":"","_EventEndDateUTC":"","_EventShowMap":false,"_EventShowMapLink":false,"_EventURL":"","_EventCost":"","_EventCostDescription":"","_EventCurrencySymbol":"","_EventCurrencyCode":"","_EventCurrencyPosition":"","_EventDateTimeSeparator":"","_EventTimeRangeSeparator":"","_EventOrganizerID":[],"_EventVenueID":[],"_OrganizerEmail":"","_OrganizerPhone":"","_OrganizerWebsite":"","_VenueAddress":"","_VenueCity":"","_VenueCountry":"","_VenueProvince":"","_VenueState":"","_VenueZip":"","_VenuePhone":"","_VenueURL":"","_VenueStateProvince":"","_VenueLat":"","_VenueLng":"","_VenueShowMap":false,"_VenueShowMapLink":false,"footnotes":"","_tec_slr_enabled":"","_tec_slr_layout":""},"class_list":["post-463","page","type-page","status-publish","hentry"],"ticketed":false,"_links":{"self":[{"href":"https:\/\/oppbygging.org\/kaffe\/wp-json\/wp\/v2\/pages\/463","targetHints":{"allow":["GET"]}}],"collection":[{"href":"https:\/\/oppbygging.org\/kaffe\/wp-json\/wp\/v2\/pages"}],"about":[{"href":"https:\/\/oppbygging.org\/kaffe\/wp-json\/wp\/v2\/types\/page"}],"author":[{"embeddable":true,"href":"https:\/\/oppbygging.org\/kaffe\/wp-json\/wp\/v2\/users\/1"}],"replies":[{"embeddable":true,"href":"https:\/\/oppbygging.org\/kaffe\/wp-json\/wp\/v2\/comments?post=463"}],"version-history":[{"count":10,"href":"https:\/\/oppbygging.org\/kaffe\/wp-json\/wp\/v2\/pages\/463\/revisions"}],"predecessor-version":[{"id":511,"href":"https:\/\/oppbygging.org\/kaffe\/wp-json\/wp\/v2\/pages\/463\/revisions\/511"}],"wp:attachment":[{"href":"https:\/\/oppbygging.org\/kaffe\/wp-json\/wp\/v2\/media?parent=463"}],"curies":[{"name":"wp","href":"https:\/\/api.w.org\/{rel}","templated":true}]}}