{"id":368,"date":"2025-07-24T02:11:08","date_gmt":"2025-07-24T00:11:08","guid":{"rendered":"https:\/\/oppbygging.org\/kaffe\/?page_id=368"},"modified":"2025-08-20T06:17:37","modified_gmt":"2025-08-20T04:17:37","slug":"donasjon","status":"publish","type":"page","link":"https:\/\/oppbygging.org\/kaffe\/donasjon\/","title":{"rendered":"Donasjon"},"content":{"rendered":"\n<p>Det er meningen \u00e5 holde dette enkelt, og jeg \u00f8nsker at det skal v\u00e6re gratis \u00e5 delta (ta dog gjerne med noe frukt eller hjemmebakst eller lignende!). Jeg er heller ingen bokholder, og har ikke noe lyst til \u00e5 bli det&#8230; Tanken er at leien er 1000 kr, og for en god sak har jeg lyst til \u00e5 pr\u00f8ve \u00e5 betale det selv.<\/p>\n\n\n\n<div class=\"wp-block-group is-layout-flow wp-block-group-is-layout-flow\">\n<p class=\"has-accent-2-background-color has-background\">Vipps: 40852623<br>Bank: 1229.06.24590<\/p>\n<\/div>\n\n\n\n<p><strong><em>Hvis<\/em><\/strong> du har mulighet <strong><em>og<\/em><\/strong> har lyst, dette er ikke &#8216;egentlig billettpris men kamuflert&#8217;&#8230;, aksepterer jeg donasjon. Da kan du donere noe bidrag p\u00e5 Vipps til meg privat, eller donere til en privat bankkonto som er min. Oppbygging er ikke assossiert med noe Organisasjonsnummer. Kontoen har jeg nettopp opprettet, og bidrag p\u00e5 Vipps eller kontant vil jeg ogs\u00e5 f\u00f8re videre til kontoen med en Melding <s>i form av din(e) initial(er), s\u00e5nn at vi f\u00e5r en komplett kontoutskrift der alle kan se at deres bidrag er inkludert<\/s>.<\/p>\n\n\n\n<p>Evt. overskudd kommer da ogs\u00e5 klart frem. Kaffeslabberas er ikke ment for profitt, s\u00e5 da kan jeg 1) fordele eventuelt overskudd tilbake til de som har gitt, eller 2) la summen st\u00e5 tydelig dokumentert for meg til \u00e5 putte inn hvis der blir et senere arrangement; ved alternativ 2) tar jeg i <strong><em>mellomtiden<\/em><\/strong> dog eventuelt overskudd <strong><em>ut<\/em><\/strong> for \u00e5 kj\u00f8pe frossenpizza eller kaffe til meg selv&#8230;<\/p>\n\n\n\n<p>Alt dette her er ikke fordi noen av dere har sagt til meg at tydelighet kreves, men fordi jeg \u00f8nsker \u00e5 unng\u00e5 at penger blir noe tema. S\u00e5nt kan bli et ubehagelig aspekt som jeg selv \u00f8nsker \u00e5 unng\u00e5 her. Hensikten er kaffe og interessante samtaler kun.<\/p>\n\n\n\n<p>Vipps: 40852623<br>Bank: 1229.06.24590<\/p>\n\n\n\n<p>Kontoutskrift publiseres etterhvert under her, direkte p\u00e5 denne siden.<\/p>\n\n\n\n<p><a href=\"mailto:ulf@oppbygging.org\">Ulf Ayirtahsk Berg<\/a><\/p>\n\n\n\n<p>Sandvika, 24.07.2025<\/p>\n\n\n\n<div style=\"height:15px\" aria-hidden=\"true\" class=\"wp-block-spacer\"><\/div>\n\n\n\n<p>Tilleggskommentar:<br>Jeg ombestemmer meg om \u00e5 inkludere initialer, s\u00e5 kan de som har donert heller snakke seg imellom og finne ut om  oversikten stemmer, hvis noen mistenker ugler i mosen&#8230; &#8212; 19.08.2025<\/p>\n\n\n\n<div style=\"height:15px\" aria-hidden=\"true\" class=\"wp-block-spacer\"><\/div>\n\n\n\n<h2 class=\"wp-block-heading\">Regnskap 11. august 2025<\/h2>\n\n\n\n<p class=\"has-fira-code-font-family\">Inn (donasjoner): 950 kr<br>Ut (leie): 500 kr<br><strong>Sum:<\/strong> 450 kr<\/p>\n\n\n\n<div class=\"_df_book df-lite\" id=\"df_446\"  _slug=\"regnskap-kaffe-11-08-2025\" data-title=\"regnskap-kaffe-11-08-2025\" wpoptions=\"true\" thumbtype=\"\" ><\/div><script class=\"df-shortcode-script\" nowprocket type=\"application\/javascript\">window.option_df_446 = {\"outline\":[],\"autoEnableOutline\":\"false\",\"autoEnableThumbnail\":\"false\",\"overwritePDFOutline\":\"false\",\"direction\":\"1\",\"pageSize\":\"0\",\"source\":\"https:\\\/\\\/oppbygging.org\\\/kaffe\\\/wp-content\\\/uploads\\\/2025\\\/08\\\/Siste-transaksjoner-DNB-oppbygging-kaffe.pdf\",\"wpOptions\":\"true\"}; if(window.DFLIP && window.DFLIP.parseBooks){window.DFLIP.parseBooks();}<\/script>\n\n\n\n<div style=\"height:18px\" aria-hidden=\"true\" class=\"wp-block-spacer\"><\/div>\n\n\n\n<h2 class=\"wp-block-heading\">Dele<\/h2>\n","protected":false},"excerpt":{"rendered":"<p>Det er meningen \u00e5 holde dette enkelt, og jeg \u00f8nsker at det skal v\u00e6re gratis \u00e5 delta (ta dog gjerne med noe frukt eller hjemmebakst eller lignende!). Jeg er heller [&hellip;]<\/p>\n","protected":false},"author":1,"featured_media":0,"parent":0,"menu_order":0,"comment_status":"closed","ping_status":"closed","template":"","meta":{"_price":"","_stock":"","_tribe_ticket_header":"","_tribe_default_ticket_provider":"","_tribe_ticket_capacity":"0","_ticket_start_date":"","_ticket_end_date":"","_tribe_ticket_show_description":"","_tribe_ticket_show_not_going":false,"_tribe_ticket_use_global_stock":"","_tribe_ticket_global_stock_level":"","_global_stock_mode":"","_global_stock_cap":"","_tribe_rsvp_for_event":"","_tribe_ticket_going_count":"","_tribe_ticket_not_going_count":"","_tribe_tickets_list":"[]","_tribe_ticket_has_attendee_info_fields":false,"_EventAllDay":false,"_EventTimezone":"","_EventStartDate":"","_EventEndDate":"","_EventStartDateUTC":"","_EventEndDateUTC":"","_EventShowMap":false,"_EventShowMapLink":false,"_EventURL":"","_EventCost":"","_EventCostDescription":"","_EventCurrencySymbol":"","_EventCurrencyCode":"","_EventCurrencyPosition":"","_EventDateTimeSeparator":"","_EventTimeRangeSeparator":"","_EventOrganizerID":[],"_EventVenueID":[],"_OrganizerEmail":"","_OrganizerPhone":"","_OrganizerWebsite":"","_VenueAddress":"","_VenueCity":"","_VenueCountry":"","_VenueProvince":"","_VenueState":"","_VenueZip":"","_VenuePhone":"","_VenueURL":"","_VenueStateProvince":"","_VenueLat":"","_VenueLng":"","_VenueShowMap":false,"_VenueShowMapLink":false,"footnotes":"","_tec_slr_enabled":"","_tec_slr_layout":""},"class_list":["post-368","page","type-page","status-publish","hentry"],"ticketed":false,"_links":{"self":[{"href":"https:\/\/oppbygging.org\/kaffe\/wp-json\/wp\/v2\/pages\/368","targetHints":{"allow":["GET"]}}],"collection":[{"href":"https:\/\/oppbygging.org\/kaffe\/wp-json\/wp\/v2\/pages"}],"about":[{"href":"https:\/\/oppbygging.org\/kaffe\/wp-json\/wp\/v2\/types\/page"}],"author":[{"embeddable":true,"href":"https:\/\/oppbygging.org\/kaffe\/wp-json\/wp\/v2\/users\/1"}],"replies":[{"embeddable":true,"href":"https:\/\/oppbygging.org\/kaffe\/wp-json\/wp\/v2\/comments?post=368"}],"version-history":[{"count":10,"href":"https:\/\/oppbygging.org\/kaffe\/wp-json\/wp\/v2\/pages\/368\/revisions"}],"predecessor-version":[{"id":455,"href":"https:\/\/oppbygging.org\/kaffe\/wp-json\/wp\/v2\/pages\/368\/revisions\/455"}],"wp:attachment":[{"href":"https:\/\/oppbygging.org\/kaffe\/wp-json\/wp\/v2\/media?parent=368"}],"curies":[{"name":"wp","href":"https:\/\/api.w.org\/{rel}","templated":true}]}}