{"id":168,"date":"2025-07-16T04:51:25","date_gmt":"2025-07-16T02:51:25","guid":{"rendered":"https:\/\/oppbygging.org\/kaffe\/?page_id=168"},"modified":"2025-08-10T14:34:10","modified_gmt":"2025-08-10T12:34:10","slug":"program","status":"publish","type":"page","link":"https:\/\/oppbygging.org\/kaffe\/program\/","title":{"rendered":"Program"},"content":{"rendered":"\n<h1 class=\"wp-block-heading\">Program<\/h1>\n\n\n\n<p class=\"has-text-align-center\">11. august 2025<\/p>\n\n\n\n<figure class=\"wp-block-image aligncenter size-full is-resized wp-duotone-rgb85211155-rgba2042042040-1\" style=\"margin-top:var(--wp--preset--spacing--50);margin-bottom:var(--wp--preset--spacing--50)\"><img loading=\"lazy\" decoding=\"async\" width=\"800\" height=\"108\" src=\"https:\/\/oppbygging.org\/kaffe\/wp-content\/uploads\/2025\/08\/oppbygging-kaffe-august-icons-.png\" alt=\"\" class=\"wp-image-442\" style=\"width:449px;height:auto\" srcset=\"https:\/\/oppbygging.org\/kaffe\/wp-content\/uploads\/2025\/08\/oppbygging-kaffe-august-icons-.png 800w, https:\/\/oppbygging.org\/kaffe\/wp-content\/uploads\/2025\/08\/oppbygging-kaffe-august-icons--300x41.png 300w, https:\/\/oppbygging.org\/kaffe\/wp-content\/uploads\/2025\/08\/oppbygging-kaffe-august-icons--768x104.png 768w\" sizes=\"auto, (max-width: 800px) 100vw, 800px\" \/><\/figure>\n\n\n\n<h3 class=\"wp-block-heading\">17:00 Mingling<\/h3>\n\n\n\n<h3 class=\"wp-block-heading\">17:30 Om mulighetene livet har<\/h3>\n\n\n\n<p>v\/ Natalie<\/p>\n\n\n\n<p>Man kan tjene penger p\u00e5 det man elsker. Natalie vil fortelle spesielt om Frihetens Reise, hva hun brenner for og om ting hun selger.<\/p>\n\n\n\n<h3 class=\"wp-block-heading\">17:50 Datamaskin for vanlige folk<\/h3>\n\n\n\n<p>v\/ Aksel<\/p>\n\n\n\n<p>Her er det mulig vi f\u00e5r oppsummering av noen enkle, viktige begreper. Ogs\u00e5 en kort introduksjon til Linux.<\/p>\n\n\n\n<h3 class=\"wp-block-heading\">18:15 Pause<\/h3>\n\n\n\n<h3 class=\"wp-block-heading\">18:30 Kaffe (spleisebord)<\/h3>\n\n\n\n<div class=\"wp-block-group is-layout-flow wp-block-group-is-layout-flow\">\n<figure class=\"wp-block-image size-full is-resized\"><img loading=\"lazy\" decoding=\"async\" width=\"853\" height=\"853\" src=\"https:\/\/oppbygging.org\/kaffe\/wp-content\/uploads\/2025\/07\/coffee-5712775_1280-edited.jpg\" alt=\"\" class=\"wp-image-297\" style=\"width:332px;height:auto\" srcset=\"https:\/\/oppbygging.org\/kaffe\/wp-content\/uploads\/2025\/07\/coffee-5712775_1280-edited.jpg 853w, https:\/\/oppbygging.org\/kaffe\/wp-content\/uploads\/2025\/07\/coffee-5712775_1280-edited-300x300.jpg 300w, https:\/\/oppbygging.org\/kaffe\/wp-content\/uploads\/2025\/07\/coffee-5712775_1280-edited-150x150.jpg 150w, https:\/\/oppbygging.org\/kaffe\/wp-content\/uploads\/2025\/07\/coffee-5712775_1280-edited-768x768.jpg 768w\" sizes=\"auto, (max-width: 853px) 100vw, 853px\" \/><\/figure>\n<\/div>\n\n\n\n<p>Hvis du har lyst til \u00e5 ta med f.eks. frukt, b\u00e6r eller noe hjemmebakt til kaffeslabberaset blir alle str\u00e5lende glad!<\/p>\n\n\n\n<h3 class=\"wp-block-heading\">20:30 Dikt<\/h3>\n\n\n\n<p>v\/ Elly Elisabeth Christensen<\/p>\n\n\n\n<p>P\u00e5 sommerkvelden f\u00e5r vi noen dikt av Elly, inkludert et hun har skrevet selv, og hun prater ogs\u00e5 litt <em>om<\/em> dikt.<\/p>\n\n\n\n<p>Hennes kunstneriske interesser ble stimulert som barn da hun spilte piano og sang i kor. Elly har alltid v\u00e6rt s\u00f8kende etter erkjennelse og mening med livet. V\u00e6rt opptatt av antikkens store filosofer. I voksen alder ble det kreative uttrykksformer med studier i blant annet i sykepleier, kunst og estetikk. Elly har brukt musikk, dans, kunst, farger og lyrikk til glede og begeistring p\u00e5 jobb, privat og andre kulturelle tiltak.<\/p>\n\n\n\n<h3 class=\"wp-block-heading\">20:50 Avslutning<\/h3>\n\n\n\n<hr class=\"wp-block-separator has-alpha-channel-opacity\" style=\"margin-top:var(--wp--preset--spacing--60);margin-bottom:var(--wp--preset--spacing--60)\"\/>\n\n\n\n<p>Stand: Hvis du kunne tenke deg \u00e5 utstille noe, eller \u00e5 presentere et tema, ta gjerne kontakt! <\/p>\n\n\n\n<p><br>&nbsp;\u260e <a href=\"tel:+4740852623\">+47 408 52 623<\/a><\/p>\n\n\n\n<p>&nbsp;\ud83d\udce7 <a href=\"mailto:ulf@oppbygging.org\">ulf@oppbygging.org<\/a><\/p>\n\n\n\n<hr class=\"wp-block-separator has-alpha-channel-opacity\" style=\"margin-top:var(--wp--preset--spacing--60);margin-bottom:var(--wp--preset--spacing--60)\"\/>\n\n\n\n<p><a href=\"https:\/\/oppbygging.org\/kaffe\/\" data-type=\"page\" data-id=\"49\">Forsiden<\/a><\/p>\n\n\n\n<div style=\"height:13px\" aria-hidden=\"true\" class=\"wp-block-spacer\"><\/div>\n\n\n\n<h2 class=\"wp-block-heading\">Dele<\/h2>\n\n\n\n<p><\/p>\n","protected":false},"excerpt":{"rendered":"<p>Program 11. august 2025 17:00 Mingling 17:30 Om mulighetene livet har v\/ Natalie Man kan tjene penger p\u00e5 det man elsker. Natalie vil fortelle spesielt om Frihetens Reise, hva hun [&hellip;]<\/p>\n","protected":false},"author":1,"featured_media":0,"parent":0,"menu_order":0,"comment_status":"closed","ping_status":"closed","template":"","meta":{"_price":"","_stock":"","_tribe_ticket_header":"","_tribe_default_ticket_provider":"","_tribe_ticket_capacity":"0","_ticket_start_date":"","_ticket_end_date":"","_tribe_ticket_show_description":"","_tribe_ticket_show_not_going":false,"_tribe_ticket_use_global_stock":"","_tribe_ticket_global_stock_level":"","_global_stock_mode":"","_global_stock_cap":"","_tribe_rsvp_for_event":"","_tribe_ticket_going_count":"","_tribe_ticket_not_going_count":"","_tribe_tickets_list":"[]","_tribe_ticket_has_attendee_info_fields":false,"_EventAllDay":false,"_EventTimezone":"","_EventStartDate":"","_EventEndDate":"","_EventStartDateUTC":"","_EventEndDateUTC":"","_EventShowMap":false,"_EventShowMapLink":false,"_EventURL":"","_EventCost":"","_EventCostDescription":"","_EventCurrencySymbol":"","_EventCurrencyCode":"","_EventCurrencyPosition":"","_EventDateTimeSeparator":"","_EventTimeRangeSeparator":"","_EventOrganizerID":[],"_EventVenueID":[],"_OrganizerEmail":"","_OrganizerPhone":"","_OrganizerWebsite":"","_VenueAddress":"","_VenueCity":"","_VenueCountry":"","_VenueProvince":"","_VenueState":"","_VenueZip":"","_VenuePhone":"","_VenueURL":"","_VenueStateProvince":"","_VenueLat":"","_VenueLng":"","_VenueShowMap":false,"_VenueShowMapLink":false,"footnotes":"","_tec_slr_enabled":"","_tec_slr_layout":""},"class_list":["post-168","page","type-page","status-publish","hentry"],"ticketed":false,"_links":{"self":[{"href":"https:\/\/oppbygging.org\/kaffe\/wp-json\/wp\/v2\/pages\/168","targetHints":{"allow":["GET"]}}],"collection":[{"href":"https:\/\/oppbygging.org\/kaffe\/wp-json\/wp\/v2\/pages"}],"about":[{"href":"https:\/\/oppbygging.org\/kaffe\/wp-json\/wp\/v2\/types\/page"}],"author":[{"embeddable":true,"href":"https:\/\/oppbygging.org\/kaffe\/wp-json\/wp\/v2\/users\/1"}],"replies":[{"embeddable":true,"href":"https:\/\/oppbygging.org\/kaffe\/wp-json\/wp\/v2\/comments?post=168"}],"version-history":[{"count":29,"href":"https:\/\/oppbygging.org\/kaffe\/wp-json\/wp\/v2\/pages\/168\/revisions"}],"predecessor-version":[{"id":444,"href":"https:\/\/oppbygging.org\/kaffe\/wp-json\/wp\/v2\/pages\/168\/revisions\/444"}],"wp:attachment":[{"href":"https:\/\/oppbygging.org\/kaffe\/wp-json\/wp\/v2\/media?parent=168"}],"curies":[{"name":"wp","href":"https:\/\/api.w.org\/{rel}","templated":true}]}}