{"id":36,"date":"2026-04-08T04:51:52","date_gmt":"2026-04-08T02:51:52","guid":{"rendered":"https:\/\/oppbygging.org\/forsiden2026\/?page_id=36"},"modified":"2026-04-17T16:55:17","modified_gmt":"2026-04-17T14:55:17","slug":"blogg","status":"publish","type":"page","link":"https:\/\/oppbygging.org\/forsiden2026\/blogg\/","title":{"rendered":""},"content":{"rendered":"\n<div class=\"wp-block-group has-base-background-color has-background has-global-padding is-layout-constrained wp-container-core-group-is-layout-8103c516 wp-block-group-is-layout-constrained\" style=\"margin-top:0;margin-bottom:0;padding-top:0;padding-right:var(--wp--preset--spacing--30);padding-bottom:var(--wp--preset--spacing--30);padding-left:var(--wp--preset--spacing--30)\">\n<div class=\"wp-block-query is-layout-flow wp-block-query-is-layout-flow\"><ul class=\"wp-block-post-template is-layout-flow wp-block-post-template-is-layout-flow\"><li class=\"wp-block-post post-338 post type-post status-publish format-standard has-post-thumbnail hentry category-oppdatering\">\n<h2 style=\"font-style:normal;font-weight:500; padding-top:var(--wp--preset--spacing--50);margin-top:var(--wp--preset--spacing--30);margin-bottom:var(--wp--preset--spacing--30);\" class=\"wp-block-post-title\"><a href=\"https:\/\/oppbygging.org\/forsiden2026\/2026\/04\/17\/var-opprydding\/\" target=\"_self\" >V\u00e5r-opprydding<\/a><\/h2>\n\n<figure class=\"alignwide wp-block-post-featured-image\"><a href=\"https:\/\/oppbygging.org\/forsiden2026\/2026\/04\/17\/var-opprydding\/\" target=\"_self\"  ><img loading=\"lazy\" decoding=\"async\" width=\"1040\" height=\"780\" src=\"https:\/\/oppbygging.org\/forsiden2026\/wp-content\/uploads\/2026\/04\/IMG_20260416_151006_1_25.jpg\" class=\"attachment-post-thumbnail size-post-thumbnail wp-post-image\" alt=\"V\u00e5r-opprydding\" style=\"object-fit:cover;\" srcset=\"https:\/\/oppbygging.org\/forsiden2026\/wp-content\/uploads\/2026\/04\/IMG_20260416_151006_1_25.jpg 1040w, https:\/\/oppbygging.org\/forsiden2026\/wp-content\/uploads\/2026\/04\/IMG_20260416_151006_1_25-300x225.jpg 300w, https:\/\/oppbygging.org\/forsiden2026\/wp-content\/uploads\/2026\/04\/IMG_20260416_151006_1_25-1024x768.jpg 1024w, https:\/\/oppbygging.org\/forsiden2026\/wp-content\/uploads\/2026\/04\/IMG_20260416_151006_1_25-768x576.jpg 768w\" sizes=\"auto, (max-width: 1040px) 100vw, 1040px\" \/><\/a><\/figure>\n\n<div style=\"font-size:clamp(1.092rem, 1.092rem + ((1vw - 0.2rem) * 0.954), 1.7rem);\" class=\"wp-block-post-excerpt\"><p class=\"wp-block-post-excerpt__excerpt\">Da er det p\u00e5 tide \u00e5 &#8216;relansere&#8217; eller ihvertfall forenkle presentasjonen. N\u00e5 er informasjonen mer direkte, og noen tydelige grafikker kan hjelpe til med \u00e5 gj\u00f8re klart hva elmentene handler om. Det er alltid ok \u00e5 pr\u00f8ve seg, hvis det ikke er snakk om hjernekirurgi eller lignende&#8230;, for ved siden av bokl\u00e6rdom og forelesninger kan<\/p><p class=\"wp-block-post-excerpt__more-text\"><a class=\"wp-block-post-excerpt__more-link\" href=\"https:\/\/oppbygging.org\/forsiden2026\/2026\/04\/17\/var-opprydding\/\">Lese mer<\/a><\/p><\/div>\n\n\n<hr class=\"wp-block-separator has-css-opacity\"\/>\n\n\n<div class=\"wp-block-post-date\"><time datetime=\"2026-04-17T16:09:53+02:00\">17. april 2026<\/time><\/div>\n<\/li><li class=\"wp-block-post post-1 post type-post status-publish format-standard hentry category-uncategorized\">\n<h2 style=\"font-style:normal;font-weight:500; padding-top:var(--wp--preset--spacing--50);margin-top:var(--wp--preset--spacing--30);margin-bottom:var(--wp--preset--spacing--30);\" class=\"wp-block-post-title\"><a href=\"https:\/\/oppbygging.org\/forsiden2026\/2026\/04\/07\/hello-world\/\" target=\"_self\" >Hello world!<\/a><\/h2>\n\n\n\n<div style=\"font-size:clamp(1.092rem, 1.092rem + ((1vw - 0.2rem) * 0.954), 1.7rem);\" class=\"wp-block-post-excerpt\"><p class=\"wp-block-post-excerpt__excerpt\">Welcome to WordPress. This is your first post. Edit or delete it, then start writing!<\/p><p class=\"wp-block-post-excerpt__more-text\"><a class=\"wp-block-post-excerpt__more-link\" href=\"https:\/\/oppbygging.org\/forsiden2026\/2026\/04\/07\/hello-world\/\">Lese mer<\/a><\/p><\/div>\n\n\n<hr class=\"wp-block-separator has-css-opacity\"\/>\n\n\n<div class=\"wp-block-post-date\"><time datetime=\"2026-04-07T02:30:05+02:00\">7. april 2026<\/time><\/div>\n<\/li><\/ul><\/div>\n<\/div>\n","protected":false},"excerpt":{"rendered":"","protected":false},"author":1,"featured_media":0,"parent":0,"menu_order":0,"comment_status":"closed","ping_status":"closed","template":"","meta":{"footnotes":""},"class_list":["post-36","page","type-page","status-publish","hentry"],"_links":{"self":[{"href":"https:\/\/oppbygging.org\/forsiden2026\/wp-json\/wp\/v2\/pages\/36","targetHints":{"allow":["GET"]}}],"collection":[{"href":"https:\/\/oppbygging.org\/forsiden2026\/wp-json\/wp\/v2\/pages"}],"about":[{"href":"https:\/\/oppbygging.org\/forsiden2026\/wp-json\/wp\/v2\/types\/page"}],"author":[{"embeddable":true,"href":"https:\/\/oppbygging.org\/forsiden2026\/wp-json\/wp\/v2\/users\/1"}],"replies":[{"embeddable":true,"href":"https:\/\/oppbygging.org\/forsiden2026\/wp-json\/wp\/v2\/comments?post=36"}],"version-history":[{"count":5,"href":"https:\/\/oppbygging.org\/forsiden2026\/wp-json\/wp\/v2\/pages\/36\/revisions"}],"predecessor-version":[{"id":362,"href":"https:\/\/oppbygging.org\/forsiden2026\/wp-json\/wp\/v2\/pages\/36\/revisions\/362"}],"wp:attachment":[{"href":"https:\/\/oppbygging.org\/forsiden2026\/wp-json\/wp\/v2\/media?parent=36"}],"curies":[{"name":"wp","href":"https:\/\/api.w.org\/{rel}","templated":true}]}}