{"id":211,"date":"2026-04-09T10:33:01","date_gmt":"2026-04-09T08:33:01","guid":{"rendered":"https:\/\/oppbygging.org\/forsiden2026\/?page_id=211"},"modified":"2026-04-22T16:13:04","modified_gmt":"2026-04-22T14:13:04","slug":"sosialt","status":"publish","type":"page","link":"https:\/\/oppbygging.org\/forsiden2026\/sosialt\/","title":{"rendered":""},"content":{"rendered":"\n<div class=\"wp-block-group has-base-background-color has-background wp-container-content-90d19858 is-vertical is-layout-flex wp-container-core-group-is-layout-28553471 wp-block-group-is-layout-flex\" style=\"padding-top:var(--wp--preset--spacing--30);padding-right:var(--wp--preset--spacing--30);padding-bottom:var(--wp--preset--spacing--40);padding-left:var(--wp--preset--spacing--30)\">\n<h1 class=\"wp-block-heading\" style=\"font-style:normal;font-weight:500\">Online: Oppbygging Sosialt<\/h1>\n\n\n\n<div class=\"wp-block-group is-layout-flow wp-block-group-is-layout-flow\">\n<figure class=\"wp-block-image size-full is-resized has-custom-border\"><a href=\"http:\/\/oppbygging.org\/sosialt\" target=\"_blank\" rel=\" noreferrer noopener\"><img loading=\"lazy\" decoding=\"async\" width=\"525\" height=\"350\" src=\"https:\/\/oppbygging.org\/forsiden2026\/wp-content\/uploads\/2026\/04\/rettet-edited-1.png\" alt=\"\" class=\"has-border-color has-accent-4-border-color wp-image-187\" style=\"border-width:7px;border-top-left-radius:30px;border-top-right-radius:30px;border-bottom-left-radius:30px;border-bottom-right-radius:30px;width:320px\" srcset=\"https:\/\/oppbygging.org\/forsiden2026\/wp-content\/uploads\/2026\/04\/rettet-edited-1.png 525w, https:\/\/oppbygging.org\/forsiden2026\/wp-content\/uploads\/2026\/04\/rettet-edited-1-300x200.png 300w\" sizes=\"auto, (max-width: 525px) 100vw, 525px\" \/><\/a><\/figure>\n<\/div>\n\n\n\n<p style=\"font-size:clamp(1.092rem, 1.092rem + ((1vw - 0.2rem) * 0.954), 1.7rem);\">Ja, man kan jo lage en gruppe hos Mark Zuckerberg, alts\u00e5 p\u00e5 Facebook. Mange gj\u00f8r det. Man kan ogs\u00e5 sette opp et helt eget sosialt nettverkssted. Det har vi gjort.<\/p>\n\n\n\n<p style=\"font-size:clamp(1.092rem, 1.092rem + ((1vw - 0.2rem) * 0.954), 1.7rem);\">Her er det fint \u00e5 poste bilder fra jakt, fiske, tomatplanter som spirer, kokekunst, yoga eller kanskje sykkelreparasjon. Hva Greta Thunberg holder p\u00e5 med, er det ok \u00e5 poste om andre steder; her handler det om&nbsp;<em>deg<\/em>&nbsp;og hva&nbsp;<em>du<\/em>&nbsp;vil.<\/p>\n\n\n\n<ul class=\"wp-block-list\">\n<li style=\"font-size:clamp(1.092rem, 1.092rem + ((1vw - 0.2rem) * 0.954), 1.7rem);\"><a href=\"http:\/\/oppbygging.org\/sosialt\">Oppbygging Sosialt<\/a><\/li>\n<\/ul>\n\n\n\n<h2 class=\"wp-block-heading\"><strong>Laste ned appen<\/strong><\/h2>\n\n\n\n<div class=\"wp-block-group is-nowrap is-layout-flex wp-container-core-group-is-layout-6c531013 wp-block-group-is-layout-flex\">\n<figure class=\"wp-block-image\"><a href=\"https:\/\/apps.apple.com\/us\/app\/humhub\/id6446092274\" target=\"_blank\" rel=\" noreferrer noopener\"><img decoding=\"async\" src=\"https:\/\/oppbygging.org\/start\/wp-content\/uploads\/2025\/07\/download-on-the-app-store-apple-logo-png-transparent-2.webp\" alt=\"\" class=\"wp-image-328\"\/><\/a><\/figure>\n\n\n\n<figure class=\"wp-block-image\"><a href=\"https:\/\/play.google.com\/store\/apps\/details?id=com.humhub.app\" target=\"_blank\" rel=\" noreferrer noopener\"><img decoding=\"async\" src=\"https:\/\/oppbygging.org\/start\/wp-content\/uploads\/2025\/07\/unnamed-1.jpg\" alt=\"\" class=\"wp-image-329\"\/><\/a><\/figure>\n<\/div>\n<\/div>\n","protected":false},"excerpt":{"rendered":"<p>Online: Oppbygging Sosialt Ja, man kan jo lage en gruppe hos Mark Zuckerberg, alts\u00e5 p\u00e5 Facebook. Mange gj\u00f8r det. Man kan ogs\u00e5 sette opp et helt eget sosialt nettverkssted. Det har vi gjort. Her er det fint \u00e5 poste bilder fra jakt, fiske, tomatplanter som spirer, kokekunst, yoga eller kanskje sykkelreparasjon. Hva Greta Thunberg holder [&hellip;]<\/p>\n","protected":false},"author":1,"featured_media":0,"parent":0,"menu_order":0,"comment_status":"closed","ping_status":"closed","template":"","meta":{"footnotes":""},"class_list":["post-211","page","type-page","status-publish","hentry"],"_links":{"self":[{"href":"https:\/\/oppbygging.org\/forsiden2026\/wp-json\/wp\/v2\/pages\/211","targetHints":{"allow":["GET"]}}],"collection":[{"href":"https:\/\/oppbygging.org\/forsiden2026\/wp-json\/wp\/v2\/pages"}],"about":[{"href":"https:\/\/oppbygging.org\/forsiden2026\/wp-json\/wp\/v2\/types\/page"}],"author":[{"embeddable":true,"href":"https:\/\/oppbygging.org\/forsiden2026\/wp-json\/wp\/v2\/users\/1"}],"replies":[{"embeddable":true,"href":"https:\/\/oppbygging.org\/forsiden2026\/wp-json\/wp\/v2\/comments?post=211"}],"version-history":[{"count":5,"href":"https:\/\/oppbygging.org\/forsiden2026\/wp-json\/wp\/v2\/pages\/211\/revisions"}],"predecessor-version":[{"id":364,"href":"https:\/\/oppbygging.org\/forsiden2026\/wp-json\/wp\/v2\/pages\/211\/revisions\/364"}],"wp:attachment":[{"href":"https:\/\/oppbygging.org\/forsiden2026\/wp-json\/wp\/v2\/media?parent=211"}],"curies":[{"name":"wp","href":"https:\/\/api.w.org\/{rel}","templated":true}]}}